{"id":3313,"date":"2020-11-12T21:26:00","date_gmt":"2020-11-12T21:26:00","guid":{"rendered":"https:\/\/tropicalespresso.com\/tropicalespresso\/product\/licor-de-cafe\/"},"modified":"2025-12-04T18:25:53","modified_gmt":"2025-12-04T18:25:53","slug":"licor-de-cafe","status":"publish","type":"product","link":"https:\/\/tropicalespresso.com\/tropicalespresso\/product\/licor-de-cafe\/","title":{"rendered":"LICOR DE CAF\u00c9 70cl"},"content":{"rendered":"<div class=\"page\" title=\"Page 11\">\n<div class=\"layoutArea\">\n<div class=\"column\">\n<p>Um licor de caf\u00e9 ar\u00e1bica, de sabor requintado e jovem, com notas do melhor Caf\u00e9. Especial para degustar fresco ou com gelo. Um digestivo que se revela um excelente acompanhamento de um biscoito, um bombom ou simplesmente um caf\u00e9 Tropical.<\/p>\n<p>VOC\u00ca VAI BEBER O QUE \u00c9 BOM!<\/p>\n<p><strong>Capacidade:<\/strong>\u00a070cl<br \/>\n<strong>Teor de \u00c1lcool (%):\u00a0<\/strong>20<strong><br \/>\n<\/strong><strong>Produtor:<\/strong>\u00a0Xar\u00e3o<br \/>\n<strong>Pa\u00eds:<\/strong>\u00a0Portugal<\/p>\n<p>&nbsp;<\/p>\n<\/div>\n<\/div>\n<\/div>\n","protected":false},"excerpt":{"rendered":"<p>Um licor de caf\u00e9 ar\u00e1bica, de sabor requintado e jovem, com notas do melhor Caf\u00e9. Especial para degustar fresco ou com gelo. Um digestivo que se revela um excelente acompanhamento de um biscoito, um bombom ou simplesmente um caf\u00e9 Tropical. [&hellip;]<\/p>\n","protected":false},"featured_media":3790,"comment_status":"open","ping_status":"closed","template":"","meta":[],"product_brand":[],"product_cat":[255,254,246],"product_tag":[197,201,202,198,199],"class_list":{"0":"post-3313","1":"product","2":"type-product","3":"status-publish","4":"has-post-thumbnail","6":"product_cat-bebidas","7":"product_cat-cafes","8":"product_cat-licores","9":"product_tag-bebidas","10":"product_tag-cabaz","11":"product_tag-cafe","12":"product_tag-licor","13":"product_tag-licores","15":"first","16":"instock","17":"taxable","18":"shipping-taxable","19":"purchasable","20":"product-type-simple"},"jetpack_sharing_enabled":true,"_links":{"self":[{"href":"https:\/\/tropicalespresso.com\/tropicalespresso\/wp-json\/wp\/v2\/product\/3313","targetHints":{"allow":["GET"]}}],"collection":[{"href":"https:\/\/tropicalespresso.com\/tropicalespresso\/wp-json\/wp\/v2\/product"}],"about":[{"href":"https:\/\/tropicalespresso.com\/tropicalespresso\/wp-json\/wp\/v2\/types\/product"}],"replies":[{"embeddable":true,"href":"https:\/\/tropicalespresso.com\/tropicalespresso\/wp-json\/wp\/v2\/comments?post=3313"}],"wp:featuredmedia":[{"embeddable":true,"href":"https:\/\/tropicalespresso.com\/tropicalespresso\/wp-json\/wp\/v2\/media\/3790"}],"wp:attachment":[{"href":"https:\/\/tropicalespresso.com\/tropicalespresso\/wp-json\/wp\/v2\/media?parent=3313"}],"wp:term":[{"taxonomy":"product_brand","embeddable":true,"href":"https:\/\/tropicalespresso.com\/tropicalespresso\/wp-json\/wp\/v2\/product_brand?post=3313"},{"taxonomy":"product_cat","embeddable":true,"href":"https:\/\/tropicalespresso.com\/tropicalespresso\/wp-json\/wp\/v2\/product_cat?post=3313"},{"taxonomy":"product_tag","embeddable":true,"href":"https:\/\/tropicalespresso.com\/tropicalespresso\/wp-json\/wp\/v2\/product_tag?post=3313"}],"curies":[{"name":"wp","href":"https:\/\/api.w.org\/{rel}","templated":true}]}}