{"id":3315,"date":"2020-11-12T21:26:02","date_gmt":"2020-11-12T21:26:02","guid":{"rendered":"https:\/\/tropicalespresso.com\/tropicalespresso\/product\/lote-barista-em-grao-coffret-500gr\/"},"modified":"2024-10-21T09:20:00","modified_gmt":"2024-10-21T09:20:00","slug":"lote-barista-em-grao-coffret-500gr","status":"publish","type":"product","link":"https:\/\/tropicalespresso.com\/tropicalespresso\/product\/lote-barista-em-grao-coffret-500gr\/","title":{"rendered":"Lote Barista em gr\u00e3o &#8211; Coffret 500gr"},"content":{"rendered":"<div class=\"page\" title=\"Page 8\">\n<div class=\"layoutArea\">\n<div class=\"column\">\n<div class=\"page\" title=\"Page 6\">\n<div class=\"layoutArea\">\n<div class=\"column\">\n<p>2 x Embalagem de 250 g, inclui\u00a0 1 ch\u00e1vena de cole\u00e7\u00e3o.<\/p>\n<p>Existem 4 ch\u00e1venas dispon\u00edveis para colecionar.<\/p>\n<p>Um lote especialmente selecionado, com uma combinac\u0327a\u0303o de Ar\u00e1bicas e Robustas que tornam a bebida encorpada, com aroma e sabor intensos e persistentes.<\/p>\n<p>Origem: A\u0301frica, A\u0301sia e Ame\u0301rica do Sul<\/p>\n<p>&nbsp;<\/p>\n<p>&nbsp;<\/p>\n<p><a href=\"http:\/\/tropicalespresso.com\/ficha_tecnica\/SA-IT19-E01.R01-F.T. CAFE BAR.pdf\" target=\"_blank\" rel=\"noopener noreferrer\"><em><strong>Consultar Ficha T\u00e9cnica<\/strong><\/em><\/a><\/p>\n<\/div>\n<\/div>\n<\/div>\n<\/div>\n<\/div>\n<\/div>\n","protected":false},"excerpt":{"rendered":"<p>2 x Embalagem de 250 g, inclui\u00a0 1 ch\u00e1vena de cole\u00e7\u00e3o. Existem 4 ch\u00e1venas dispon\u00edveis para colecionar. Um lote especialmente selecionado, com uma combinac\u0327a\u0303o de Ar\u00e1bicas e Robustas que tornam a bebida encorpada, com aroma e sabor intensos e persistentes. [&hellip;]<\/p>\n","protected":false},"featured_media":3367,"comment_status":"open","ping_status":"closed","template":"","meta":[],"product_brand":[],"product_cat":[254,247],"product_tag":[202,226,205,227,228,229],"class_list":{"0":"post-3315","1":"product","2":"type-product","3":"status-publish","4":"has-post-thumbnail","6":"product_cat-cafes","7":"product_cat-lote-barista","8":"product_tag-cafe","9":"product_tag-cafe-moido","10":"product_tag-capsulas","11":"product_tag-chavena","12":"product_tag-colecao","13":"product_tag-grao","15":"first","16":"instock","17":"taxable","18":"shipping-taxable","19":"purchasable","20":"product-type-simple"},"jetpack_sharing_enabled":true,"_links":{"self":[{"href":"https:\/\/tropicalespresso.com\/tropicalespresso\/wp-json\/wp\/v2\/product\/3315","targetHints":{"allow":["GET"]}}],"collection":[{"href":"https:\/\/tropicalespresso.com\/tropicalespresso\/wp-json\/wp\/v2\/product"}],"about":[{"href":"https:\/\/tropicalespresso.com\/tropicalespresso\/wp-json\/wp\/v2\/types\/product"}],"replies":[{"embeddable":true,"href":"https:\/\/tropicalespresso.com\/tropicalespresso\/wp-json\/wp\/v2\/comments?post=3315"}],"wp:featuredmedia":[{"embeddable":true,"href":"https:\/\/tropicalespresso.com\/tropicalespresso\/wp-json\/wp\/v2\/media\/3367"}],"wp:attachment":[{"href":"https:\/\/tropicalespresso.com\/tropicalespresso\/wp-json\/wp\/v2\/media?parent=3315"}],"wp:term":[{"taxonomy":"product_brand","embeddable":true,"href":"https:\/\/tropicalespresso.com\/tropicalespresso\/wp-json\/wp\/v2\/product_brand?post=3315"},{"taxonomy":"product_cat","embeddable":true,"href":"https:\/\/tropicalespresso.com\/tropicalespresso\/wp-json\/wp\/v2\/product_cat?post=3315"},{"taxonomy":"product_tag","embeddable":true,"href":"https:\/\/tropicalespresso.com\/tropicalespresso\/wp-json\/wp\/v2\/product_tag?post=3315"}],"curies":[{"name":"wp","href":"https:\/\/api.w.org\/{rel}","templated":true}]}}