{"id":3338,"date":"2020-11-12T21:26:26","date_gmt":"2020-11-12T21:26:26","guid":{"rendered":"https:\/\/tropicalespresso.com\/tropicalespresso\/product\/sortido-seleccao-pauperio\/"},"modified":"2025-11-18T13:52:42","modified_gmt":"2025-11-18T13:52:42","slug":"sortido-seleccao-pauperio","status":"publish","type":"product","link":"https:\/\/tropicalespresso.com\/tropicalespresso\/product\/sortido-seleccao-pauperio\/","title":{"rendered":"Sortido Selec\u00e7\u00e3o Paup\u00e9rio"},"content":{"rendered":"<p>Caixa de 1100g.<\/p>\n<p>Intimamente ligada \u00e0 hist\u00f3ria e tradi\u00e7\u00f5es da regi\u00e3o, a ind\u00fastria da panifica\u00e7\u00e3o e seus derivados tem-se vindo a desenvolver em Valongo ao longo dos tempos. Dos produtos destacam-se a regueifa e os biscoitos, cuja fama cedo se difundiu pelo norte e mais tarde por todo o pa\u00eds. Foi neste ambiente de grande identidade valonguense associada \u00e0 panifica\u00e7\u00e3o que, em 1874, surge uma f\u00e1brica de biscoitos por sociedade entre Ant\u00f3nio de Sousa Malta Paup\u00e9rio e Joaquim Carlos Figueira, tomando por designa\u00e7\u00e3o \u201cPaup\u00e9rio &amp; Companhia\u201d.<\/p>\n<p>Embora haja refer\u00eancias a pr\u00e9mios atribu\u00eddos a produtos Paup\u00e9rio em datas anteriores \u00e0 funda\u00e7\u00e3o desta nova sociedade, certo \u00e9 que, pouco tempo depois da sua constitui\u00e7\u00e3o, foram atribu\u00eddos pr\u00e9mios em Exposi\u00e7\u00f5es Internacionais, nomeadamente em Filad\u00e9lfia (1876), Pal\u00e1cio de Cristal (1877?) e no Rio de Janeiro (1879). No princ\u00edpio, a empresa acumulava a produ\u00e7\u00e3o de biscoitos com o fabrico de p\u00e3o, a moagem e comercializa\u00e7\u00e3o de cereais. S\u00f3 mais tarde se d\u00e1 a dedica\u00e7\u00e3o exclusiva ao fabrico de bolachas e biscoitos.<\/p>\n<p>O registo da marca \u201cPaup\u00e9rio\u201d, que remonta ao in\u00edcio do s\u00e9culo XX para as bolachas e biscoitos desta f\u00e1brica, atesta a import\u00e2ncia e a exclusividade destes produtos que passaram al\u00e9m-fronteiras at\u00e9 \u00e0s Prov\u00edncias Ultramarinas de Angola, Mo\u00e7ambique e Guin\u00e9. Em 1974, ano da revolu\u00e7\u00e3o de abril, a empresa comemorou o seu cent\u00e9simo anivers\u00e1rio. Atualmente \u00e9 gerida pela 6\u00aa gera\u00e7\u00e3o da fam\u00edlia Figueira, mantendo uma linha de biscoitos tradicionais com as mesmas receitas utilizadas desde a sua cria\u00e7\u00e3o.<\/p>\n<p>&nbsp;<\/p>\n<p><a href=\"http:\/\/tropicalespresso.com\/ficha_tecnica\/FT.43 - Sortido SeleA\u0303\u00a7A\u0303\u00a3o.pdf\" target=\"_blank\" rel=\"noopener noreferrer\"><em><strong>Consultar Ficha T\u00e9cnica<\/strong><\/em><\/a><\/p>\n","protected":false},"excerpt":{"rendered":"<p>Caixa de 1100g. Intimamente ligada \u00e0 hist\u00f3ria e tradi\u00e7\u00f5es da regi\u00e3o, a ind\u00fastria da panifica\u00e7\u00e3o e seus derivados tem-se vindo a desenvolver em Valongo ao longo dos tempos. Dos produtos destacam-se a regueifa e os biscoitos, cuja fama cedo se [&hellip;]<\/p>\n","protected":false},"featured_media":3391,"comment_status":"open","ping_status":"closed","template":"","meta":[],"product_brand":[],"product_cat":[250],"product_tag":[234,235,236],"class_list":{"0":"post-3338","1":"product","2":"type-product","3":"status-publish","4":"has-post-thumbnail","6":"product_cat-biscoitos","7":"product_tag-bolachas","8":"product_tag-boscoitos","9":"product_tag-pauperio","11":"first","12":"instock","13":"taxable","14":"shipping-taxable","15":"purchasable","16":"product-type-simple"},"jetpack_sharing_enabled":true,"_links":{"self":[{"href":"https:\/\/tropicalespresso.com\/tropicalespresso\/wp-json\/wp\/v2\/product\/3338","targetHints":{"allow":["GET"]}}],"collection":[{"href":"https:\/\/tropicalespresso.com\/tropicalespresso\/wp-json\/wp\/v2\/product"}],"about":[{"href":"https:\/\/tropicalespresso.com\/tropicalespresso\/wp-json\/wp\/v2\/types\/product"}],"replies":[{"embeddable":true,"href":"https:\/\/tropicalespresso.com\/tropicalespresso\/wp-json\/wp\/v2\/comments?post=3338"}],"wp:featuredmedia":[{"embeddable":true,"href":"https:\/\/tropicalespresso.com\/tropicalespresso\/wp-json\/wp\/v2\/media\/3391"}],"wp:attachment":[{"href":"https:\/\/tropicalespresso.com\/tropicalespresso\/wp-json\/wp\/v2\/media?parent=3338"}],"wp:term":[{"taxonomy":"product_brand","embeddable":true,"href":"https:\/\/tropicalespresso.com\/tropicalespresso\/wp-json\/wp\/v2\/product_brand?post=3338"},{"taxonomy":"product_cat","embeddable":true,"href":"https:\/\/tropicalespresso.com\/tropicalespresso\/wp-json\/wp\/v2\/product_cat?post=3338"},{"taxonomy":"product_tag","embeddable":true,"href":"https:\/\/tropicalespresso.com\/tropicalespresso\/wp-json\/wp\/v2\/product_tag?post=3338"}],"curies":[{"name":"wp","href":"https:\/\/api.w.org\/{rel}","templated":true}]}}