{"id":3704,"date":"2021-02-04T22:57:56","date_gmt":"2021-02-04T22:57:56","guid":{"rendered":"https:\/\/tropicalespresso.com\/tropicalespresso\/?post_type=product&#038;p=3704"},"modified":"2025-02-11T15:46:07","modified_gmt":"2025-02-11T15:46:07","slug":"mistura-familiar-moida-250g","status":"publish","type":"product","link":"https:\/\/tropicalespresso.com\/tropicalespresso\/product\/mistura-familiar-moida-250g\/","title":{"rendered":"Mistura familiar mo\u00edda 250g"},"content":{"rendered":"<p>Dispon\u00edvel em embalagem 250g<\/p>\n<p>Mistura: 20% caf\u00e9<\/p>\n<p>Uma bebida suave de caf\u00e9, chic\u00f3ria e cevada, para quem gosta de ir bebendo ao longo do dia.<\/p>\n<p>Pode fazer-se em grande escala em cafeteira, cafeteira italiana ou filtro.<\/p>\n<p>&nbsp;<\/p>\n<p><a href=\"http:\/\/tropicalespresso.com\/ficha_tecnica\/SA-IT21-E01.R01-F.T. MISTURA FAMILIAR.pdf\" target=\"_blank\" rel=\"noopener noreferrer\"><em><strong>Consultar Ficha T\u00e9cnica<\/strong><\/em><\/a><\/p>\n","protected":false},"excerpt":{"rendered":"<p>Dispon\u00edvel em embalagem 250g Mistura: 20% caf\u00e9 Uma bebida suave de caf\u00e9, chic\u00f3ria e cevada, para quem gosta de ir bebendo ao longo do dia. Pode fazer-se em grande escala em cafeteira, cafeteira italiana ou filtro. &nbsp; Consultar Ficha T\u00e9cnica<\/p>\n","protected":false},"featured_media":3752,"comment_status":"open","ping_status":"closed","template":"","meta":[],"product_brand":[],"product_cat":[251,254],"product_tag":[209,232,233],"class_list":{"0":"post-3704","1":"product","2":"type-product","3":"status-publish","4":"has-post-thumbnail","6":"product_cat-blends-cevada","7":"product_cat-cafes","8":"product_tag-cafes","9":"product_tag-cevadas","10":"product_tag-misturas","12":"first","13":"instock","14":"taxable","15":"shipping-taxable","16":"purchasable","17":"product-type-simple"},"jetpack_sharing_enabled":true,"_links":{"self":[{"href":"https:\/\/tropicalespresso.com\/tropicalespresso\/wp-json\/wp\/v2\/product\/3704","targetHints":{"allow":["GET"]}}],"collection":[{"href":"https:\/\/tropicalespresso.com\/tropicalespresso\/wp-json\/wp\/v2\/product"}],"about":[{"href":"https:\/\/tropicalespresso.com\/tropicalespresso\/wp-json\/wp\/v2\/types\/product"}],"replies":[{"embeddable":true,"href":"https:\/\/tropicalespresso.com\/tropicalespresso\/wp-json\/wp\/v2\/comments?post=3704"}],"wp:featuredmedia":[{"embeddable":true,"href":"https:\/\/tropicalespresso.com\/tropicalespresso\/wp-json\/wp\/v2\/media\/3752"}],"wp:attachment":[{"href":"https:\/\/tropicalespresso.com\/tropicalespresso\/wp-json\/wp\/v2\/media?parent=3704"}],"wp:term":[{"taxonomy":"product_brand","embeddable":true,"href":"https:\/\/tropicalespresso.com\/tropicalespresso\/wp-json\/wp\/v2\/product_brand?post=3704"},{"taxonomy":"product_cat","embeddable":true,"href":"https:\/\/tropicalespresso.com\/tropicalespresso\/wp-json\/wp\/v2\/product_cat?post=3704"},{"taxonomy":"product_tag","embeddable":true,"href":"https:\/\/tropicalespresso.com\/tropicalespresso\/wp-json\/wp\/v2\/product_tag?post=3704"}],"curies":[{"name":"wp","href":"https:\/\/api.w.org\/{rel}","templated":true}]}}