{"id":3724,"date":"2021-02-05T16:33:20","date_gmt":"2021-02-05T16:33:20","guid":{"rendered":"https:\/\/tropicalespresso.com\/tropicalespresso\/?post_type=product&#038;p=3724"},"modified":"2024-10-17T14:16:23","modified_gmt":"2024-10-17T14:16:23","slug":"segredos-de-inverno","status":"publish","type":"product","link":"https:\/\/tropicalespresso.com\/tropicalespresso\/product\/segredos-de-inverno\/","title":{"rendered":"Segredos de Inverno"},"content":{"rendered":"<p>Mistura de infus\u00e3o de aromas de fruta. Aroma equilibrado a ma\u00e7\u00e3 e framboesa<\/p>\n<p>&nbsp;<\/p>\n<p>Ingredientes: T\u00e2maras (35%), Gomos de kiwi (kiwi, cana de a\u00e7\u00facar, acido c\u00edtrico, di\u00f3xido de enxofre\/sulfitos), Sultanas, Peda\u00e7os de canela, Lascas de c\u00f4co, Pimenta rosa, Cascas de laranja, Cardamomo, Aromas, Cravo da \u00cdndia, P\u00e9talas de rosa<\/p>\n<p>&nbsp;<\/p>\n<p>M\u00e9todo de prepara\u00e7\u00e3o: Infus\u00e3o 100\u00baC durante 10\/15 min<br \/>\nPeso: 50gr<\/p>\n<p><a href=\"http:\/\/tropicalespresso.com\/ficha_tecnica\/FT SEGREDOS DE INVERNO pt.pdf\" target=\"_blank\" rel=\"noopener noreferrer\"><em><strong>Consultar Ficha T\u00e9cnica<\/strong><\/em><\/a><\/p>\n","protected":false},"excerpt":{"rendered":"<p>Mistura de infus\u00e3o de aromas de fruta. Aroma equilibrado a ma\u00e7\u00e3 e framboesa &nbsp; Ingredientes: T\u00e2maras (35%), Gomos de kiwi (kiwi, cana de a\u00e7\u00facar, acido c\u00edtrico, di\u00f3xido de enxofre\/sulfitos), Sultanas, Peda\u00e7os de canela, Lascas de c\u00f4co, Pimenta rosa, Cascas de [&hellip;]<\/p>\n","protected":false},"featured_media":4303,"comment_status":"open","ping_status":"closed","template":"","meta":[],"product_brand":[],"product_cat":[257],"product_tag":[212,225,273,263,274,272],"class_list":{"0":"post-3724","1":"product","2":"type-product","3":"status-publish","4":"has-post-thumbnail","6":"product_cat-chas-e-infusoes","7":"product_tag-cha","8":"product_tag-infusao","9":"product_tag-kiwi","10":"product_tag-laranja","11":"product_tag-rosa","12":"product_tag-tamara","14":"first","15":"instock","16":"taxable","17":"shipping-taxable","18":"purchasable","19":"product-type-simple"},"jetpack_sharing_enabled":true,"_links":{"self":[{"href":"https:\/\/tropicalespresso.com\/tropicalespresso\/wp-json\/wp\/v2\/product\/3724","targetHints":{"allow":["GET"]}}],"collection":[{"href":"https:\/\/tropicalespresso.com\/tropicalespresso\/wp-json\/wp\/v2\/product"}],"about":[{"href":"https:\/\/tropicalespresso.com\/tropicalespresso\/wp-json\/wp\/v2\/types\/product"}],"replies":[{"embeddable":true,"href":"https:\/\/tropicalespresso.com\/tropicalespresso\/wp-json\/wp\/v2\/comments?post=3724"}],"wp:featuredmedia":[{"embeddable":true,"href":"https:\/\/tropicalespresso.com\/tropicalespresso\/wp-json\/wp\/v2\/media\/4303"}],"wp:attachment":[{"href":"https:\/\/tropicalespresso.com\/tropicalespresso\/wp-json\/wp\/v2\/media?parent=3724"}],"wp:term":[{"taxonomy":"product_brand","embeddable":true,"href":"https:\/\/tropicalespresso.com\/tropicalespresso\/wp-json\/wp\/v2\/product_brand?post=3724"},{"taxonomy":"product_cat","embeddable":true,"href":"https:\/\/tropicalespresso.com\/tropicalespresso\/wp-json\/wp\/v2\/product_cat?post=3724"},{"taxonomy":"product_tag","embeddable":true,"href":"https:\/\/tropicalespresso.com\/tropicalespresso\/wp-json\/wp\/v2\/product_tag?post=3724"}],"curies":[{"name":"wp","href":"https:\/\/api.w.org\/{rel}","templated":true}]}}