{"id":3725,"date":"2021-02-05T16:52:06","date_gmt":"2021-02-05T16:52:06","guid":{"rendered":"https:\/\/tropicalespresso.com\/tropicalespresso\/?post_type=product&#038;p=3725"},"modified":"2024-10-17T14:15:31","modified_gmt":"2024-10-17T14:15:31","slug":"bolo_do_avo","status":"publish","type":"product","link":"https:\/\/tropicalespresso.com\/tropicalespresso\/product\/bolo_do_avo\/","title":{"rendered":"Bolo do Av\u00f4"},"content":{"rendered":"<p>Mistura de infus\u00e3o de aromas de fruta. Com aroma doce e agrad\u00e1vel a bolo de chocolate e fruta<\/p>\n<p>&nbsp;<\/p>\n<p>Ingredientes: Ma\u00e7\u00e3, Flores de hibisco, Cascas de laranja, Casca de cin\u00f3rrodo, Peda\u00e7os de chocolate (a\u00e7\u00facar, massa de cacau, manteiga de cacau, cacau magro, <strong><u>LECITINA DE SOJA<\/u><\/strong>), Sultanas, Cardamomo, Estrela de anis, aromas, Cravo da \u00cdndia, Peda\u00e7os de canela, P\u00e9talas de rosa, Baunilha<\/p>\n<p>&nbsp;<\/p>\n<p>M\u00e9todo de prepara\u00e7\u00e3o:infus\u00e3o 100\u00baC durante 6\/10 min<br \/>\nPeso: 50gr<\/p>\n<p>&nbsp;<\/p>\n<p><a href=\"http:\/\/tropicalespresso.com\/ficha_tecnica\/FT BOLO DO AV\u00d4 pt.pdf\" target=\"_blank\" rel=\"noopener noreferrer\"><em><strong>Consultar Ficha T\u00e9cnica<\/strong><\/em><\/a><\/p>\n","protected":false},"excerpt":{"rendered":"<p>Mistura de infus\u00e3o de aromas de fruta. Com aroma doce e agrad\u00e1vel a bolo de chocolate e fruta &nbsp; Ingredientes: Ma\u00e7\u00e3, Flores de hibisco, Cascas de laranja, Casca de cin\u00f3rrodo, Peda\u00e7os de chocolate (a\u00e7\u00facar, massa de cacau, manteiga de cacau, [&hellip;]<\/p>\n","protected":false},"featured_media":4302,"comment_status":"open","ping_status":"closed","template":"","meta":[],"product_brand":[],"product_cat":[257],"product_tag":[275,264,212,214,225,263,274],"class_list":{"0":"post-3725","1":"product","2":"type-product","3":"status-publish","4":"has-post-thumbnail","6":"product_cat-chas-e-infusoes","7":"product_tag-anis","8":"product_tag-canela","9":"product_tag-cha","10":"product_tag-chocolate","11":"product_tag-infusao","12":"product_tag-laranja","13":"product_tag-rosa","15":"first","16":"outofstock","17":"taxable","18":"shipping-taxable","19":"purchasable","20":"product-type-simple"},"jetpack_sharing_enabled":true,"_links":{"self":[{"href":"https:\/\/tropicalespresso.com\/tropicalespresso\/wp-json\/wp\/v2\/product\/3725","targetHints":{"allow":["GET"]}}],"collection":[{"href":"https:\/\/tropicalespresso.com\/tropicalespresso\/wp-json\/wp\/v2\/product"}],"about":[{"href":"https:\/\/tropicalespresso.com\/tropicalespresso\/wp-json\/wp\/v2\/types\/product"}],"replies":[{"embeddable":true,"href":"https:\/\/tropicalespresso.com\/tropicalespresso\/wp-json\/wp\/v2\/comments?post=3725"}],"wp:featuredmedia":[{"embeddable":true,"href":"https:\/\/tropicalespresso.com\/tropicalespresso\/wp-json\/wp\/v2\/media\/4302"}],"wp:attachment":[{"href":"https:\/\/tropicalespresso.com\/tropicalespresso\/wp-json\/wp\/v2\/media?parent=3725"}],"wp:term":[{"taxonomy":"product_brand","embeddable":true,"href":"https:\/\/tropicalespresso.com\/tropicalespresso\/wp-json\/wp\/v2\/product_brand?post=3725"},{"taxonomy":"product_cat","embeddable":true,"href":"https:\/\/tropicalespresso.com\/tropicalespresso\/wp-json\/wp\/v2\/product_cat?post=3725"},{"taxonomy":"product_tag","embeddable":true,"href":"https:\/\/tropicalespresso.com\/tropicalespresso\/wp-json\/wp\/v2\/product_tag?post=3725"}],"curies":[{"name":"wp","href":"https:\/\/api.w.org\/{rel}","templated":true}]}}