{"id":3727,"date":"2021-02-05T17:11:43","date_gmt":"2021-02-05T17:11:43","guid":{"rendered":"https:\/\/tropicalespresso.com\/tropicalespresso\/?post_type=product&#038;p=3727"},"modified":"2024-10-17T14:13:05","modified_gmt":"2024-10-17T14:13:05","slug":"infusao-buda-bambu","status":"publish","type":"product","link":"https:\/\/tropicalespresso.com\/tropicalespresso\/product\/infusao-buda-bambu\/","title":{"rendered":"Buda Bambu"},"content":{"rendered":"<p>Infus\u00e3o de frutas, flores e plantas, de aroma equilibrado a groselha morango e baunilha<\/p>\n<p>&nbsp;<\/p>\n<p>Ingredientes:Folhas de bambu (40%), Abacaxi, A\u00e7\u00facar, \u00c1cido (c\u00edtrico), Groselha preta, Flores de margarida, Flores de malva, Groselha (3%), Morango (1%).<\/p>\n<p>M\u00e9todo de prepara\u00e7\u00e3o:\u00a0Infus\u00e3o\u00a095 \u00baC\u00a0durante\u00a05- 6\u00a0min<\/p>\n<p>Peso:50gr<\/p>\n<p>&nbsp;<\/p>\n<p>&nbsp;<\/p>\n<p>&nbsp;<\/p>\n","protected":false},"excerpt":{"rendered":"<p>Infus\u00e3o de frutas, flores e plantas, de aroma equilibrado a groselha morango e baunilha &nbsp; Ingredientes:Folhas de bambu (40%), Abacaxi, A\u00e7\u00facar, \u00c1cido (c\u00edtrico), Groselha preta, Flores de margarida, Flores de malva, Groselha (3%), Morango (1%). M\u00e9todo de prepara\u00e7\u00e3o:\u00a0Infus\u00e3o\u00a095 \u00baC\u00a0durante\u00a05- 6\u00a0min [&hellip;]<\/p>\n","protected":false},"featured_media":4301,"comment_status":"open","ping_status":"closed","template":"","meta":[],"product_brand":[],"product_cat":[257],"product_tag":[277,212,241,225,278],"class_list":{"0":"post-3727","1":"product","2":"type-product","3":"status-publish","4":"has-post-thumbnail","6":"product_cat-chas-e-infusoes","7":"product_tag-bambu","8":"product_tag-cha","9":"product_tag-groselha","10":"product_tag-infusao","11":"product_tag-margarida","13":"first","14":"outofstock","15":"taxable","16":"shipping-taxable","17":"purchasable","18":"product-type-simple"},"jetpack_sharing_enabled":true,"_links":{"self":[{"href":"https:\/\/tropicalespresso.com\/tropicalespresso\/wp-json\/wp\/v2\/product\/3727","targetHints":{"allow":["GET"]}}],"collection":[{"href":"https:\/\/tropicalespresso.com\/tropicalespresso\/wp-json\/wp\/v2\/product"}],"about":[{"href":"https:\/\/tropicalespresso.com\/tropicalespresso\/wp-json\/wp\/v2\/types\/product"}],"replies":[{"embeddable":true,"href":"https:\/\/tropicalespresso.com\/tropicalespresso\/wp-json\/wp\/v2\/comments?post=3727"}],"wp:featuredmedia":[{"embeddable":true,"href":"https:\/\/tropicalespresso.com\/tropicalespresso\/wp-json\/wp\/v2\/media\/4301"}],"wp:attachment":[{"href":"https:\/\/tropicalespresso.com\/tropicalespresso\/wp-json\/wp\/v2\/media?parent=3727"}],"wp:term":[{"taxonomy":"product_brand","embeddable":true,"href":"https:\/\/tropicalespresso.com\/tropicalespresso\/wp-json\/wp\/v2\/product_brand?post=3727"},{"taxonomy":"product_cat","embeddable":true,"href":"https:\/\/tropicalespresso.com\/tropicalespresso\/wp-json\/wp\/v2\/product_cat?post=3727"},{"taxonomy":"product_tag","embeddable":true,"href":"https:\/\/tropicalespresso.com\/tropicalespresso\/wp-json\/wp\/v2\/product_tag?post=3727"}],"curies":[{"name":"wp","href":"https:\/\/api.w.org\/{rel}","templated":true}]}}