{"id":3728,"date":"2021-02-05T17:20:32","date_gmt":"2021-02-05T17:20:32","guid":{"rendered":"https:\/\/tropicalespresso.com\/tropicalespresso\/?post_type=product&#038;p=3728"},"modified":"2024-10-22T09:19:57","modified_gmt":"2024-10-22T09:19:57","slug":"infusao-noite-tranquila","status":"publish","type":"product","link":"https:\/\/tropicalespresso.com\/tropicalespresso\/product\/infusao-noite-tranquila\/","title":{"rendered":"Noite Tranquila"},"content":{"rendered":"<p>Mistura de ch\u00e1s herb\u00e1ceos, com aroma doce e delicado a camomila, cidreira e canela. Excelente para relaxar a mente e o corpo.<\/p>\n<p>&nbsp;<\/p>\n<p>Ingredientes: Flores de camomila (25%), Folhas de cidreira (22%), Peda\u00e7os de canela (20%), Hortel\u00e3 verde, Flores de lavanda, Folhas de espinheiro branco, Ch\u00e1 de rooibos, Raiz de valeriana, P\u00e9talas de cent\u00e1urea, Flores de malva<\/p>\n<p>&nbsp;<\/p>\n<p>M\u00e9todo de prepara\u00e7\u00e3o: Infus\u00e3o 100\u00baC durante 5\/8 min<br \/>\nPeso: 50gr<\/p>\n<p><a href=\"http:\/\/tropicalespresso.com\/ficha_tecnica\/FT NOITE TRANQUILA pt.pdf\" target=\"_blank\" rel=\"noopener noreferrer\"><em><strong>Consultar Ficha T\u00e9cnica<\/strong><\/em><\/a><\/p>\n<p>&nbsp;<\/p>\n<p>&nbsp;<\/p>\n","protected":false},"excerpt":{"rendered":"<p>Mistura de ch\u00e1s herb\u00e1ceos, com aroma doce e delicado a camomila, cidreira e canela. Excelente para relaxar a mente e o corpo. &nbsp; Ingredientes: Flores de camomila (25%), Folhas de cidreira (22%), Peda\u00e7os de canela (20%), Hortel\u00e3 verde, Flores de [&hellip;]<\/p>\n","protected":false},"featured_media":4381,"comment_status":"open","ping_status":"closed","template":"","meta":[],"product_brand":[],"product_cat":[257],"product_tag":[271,264,212,279,280,225],"class_list":{"0":"post-3728","1":"product","2":"type-product","3":"status-publish","4":"has-post-thumbnail","6":"product_cat-chas-e-infusoes","7":"product_tag-camomila","8":"product_tag-canela","9":"product_tag-cha","10":"product_tag-cidreira","11":"product_tag-hortela","12":"product_tag-infusao","14":"first","15":"instock","16":"taxable","17":"shipping-taxable","18":"purchasable","19":"product-type-simple"},"jetpack_sharing_enabled":true,"_links":{"self":[{"href":"https:\/\/tropicalespresso.com\/tropicalespresso\/wp-json\/wp\/v2\/product\/3728","targetHints":{"allow":["GET"]}}],"collection":[{"href":"https:\/\/tropicalespresso.com\/tropicalespresso\/wp-json\/wp\/v2\/product"}],"about":[{"href":"https:\/\/tropicalespresso.com\/tropicalespresso\/wp-json\/wp\/v2\/types\/product"}],"replies":[{"embeddable":true,"href":"https:\/\/tropicalespresso.com\/tropicalespresso\/wp-json\/wp\/v2\/comments?post=3728"}],"wp:featuredmedia":[{"embeddable":true,"href":"https:\/\/tropicalespresso.com\/tropicalespresso\/wp-json\/wp\/v2\/media\/4381"}],"wp:attachment":[{"href":"https:\/\/tropicalespresso.com\/tropicalespresso\/wp-json\/wp\/v2\/media?parent=3728"}],"wp:term":[{"taxonomy":"product_brand","embeddable":true,"href":"https:\/\/tropicalespresso.com\/tropicalespresso\/wp-json\/wp\/v2\/product_brand?post=3728"},{"taxonomy":"product_cat","embeddable":true,"href":"https:\/\/tropicalespresso.com\/tropicalespresso\/wp-json\/wp\/v2\/product_cat?post=3728"},{"taxonomy":"product_tag","embeddable":true,"href":"https:\/\/tropicalespresso.com\/tropicalespresso\/wp-json\/wp\/v2\/product_tag?post=3728"}],"curies":[{"name":"wp","href":"https:\/\/api.w.org\/{rel}","templated":true}]}}