{"id":3730,"date":"2021-02-05T18:02:00","date_gmt":"2021-02-05T18:02:00","guid":{"rendered":"https:\/\/tropicalespresso.com\/tropicalespresso\/?post_type=product&#038;p=3730"},"modified":"2025-11-20T18:01:36","modified_gmt":"2025-11-20T18:01:36","slug":"cha-branco","status":"publish","type":"product","link":"https:\/\/tropicalespresso.com\/tropicalespresso\/product\/cha-branco\/","title":{"rendered":"Branco"},"content":{"rendered":"<p>Ch\u00e1 Branco da regi\u00e3o de Fujian &#8211; China, famoso pelo seu fino aroma floral.Ch\u00e1 Branco conhecido como Pai Mu Tan ou Pe\u00f4nia Branca, famoso pelo seu fino aroma floral. Este ch\u00e1 \u00e9 exclusivamente colhido \u00e0 m\u00e3o.<\/p>\n<p>&nbsp;<\/p>\n<p>Ingredientes:Ch\u00e1 Branco Pai Mu Tan<\/p>\n<p>M\u00e9todo de prepara\u00e7\u00e3o: Infus\u00e3o 95\u00baC durante 5\/6 min<\/p>\n<p>&nbsp;<\/p>\n<p>Peso: 50gr<\/p>\n","protected":false},"excerpt":{"rendered":"<p>Ch\u00e1 Branco da regi\u00e3o de Fujian &#8211; China, famoso pelo seu fino aroma floral.Ch\u00e1 Branco conhecido como Pai Mu Tan ou Pe\u00f4nia Branca, famoso pelo seu fino aroma floral. Este ch\u00e1 \u00e9 exclusivamente colhido \u00e0 m\u00e3o. &nbsp; Ingredientes:Ch\u00e1 Branco Pai [&hellip;]<\/p>\n","protected":false},"featured_media":4298,"comment_status":"open","ping_status":"closed","template":"","meta":[],"product_brand":[],"product_cat":[257],"product_tag":[218,212,282],"class_list":{"0":"post-3730","1":"product","2":"type-product","3":"status-publish","4":"has-post-thumbnail","6":"product_cat-chas-e-infusoes","7":"product_tag-branco","8":"product_tag-cha","9":"product_tag-pai-mu-tan","11":"first","12":"outofstock","13":"taxable","14":"shipping-taxable","15":"purchasable","16":"product-type-simple"},"jetpack_sharing_enabled":true,"_links":{"self":[{"href":"https:\/\/tropicalespresso.com\/tropicalespresso\/wp-json\/wp\/v2\/product\/3730","targetHints":{"allow":["GET"]}}],"collection":[{"href":"https:\/\/tropicalespresso.com\/tropicalespresso\/wp-json\/wp\/v2\/product"}],"about":[{"href":"https:\/\/tropicalespresso.com\/tropicalespresso\/wp-json\/wp\/v2\/types\/product"}],"replies":[{"embeddable":true,"href":"https:\/\/tropicalespresso.com\/tropicalespresso\/wp-json\/wp\/v2\/comments?post=3730"}],"wp:featuredmedia":[{"embeddable":true,"href":"https:\/\/tropicalespresso.com\/tropicalespresso\/wp-json\/wp\/v2\/media\/4298"}],"wp:attachment":[{"href":"https:\/\/tropicalespresso.com\/tropicalespresso\/wp-json\/wp\/v2\/media?parent=3730"}],"wp:term":[{"taxonomy":"product_brand","embeddable":true,"href":"https:\/\/tropicalespresso.com\/tropicalespresso\/wp-json\/wp\/v2\/product_brand?post=3730"},{"taxonomy":"product_cat","embeddable":true,"href":"https:\/\/tropicalespresso.com\/tropicalespresso\/wp-json\/wp\/v2\/product_cat?post=3730"},{"taxonomy":"product_tag","embeddable":true,"href":"https:\/\/tropicalespresso.com\/tropicalespresso\/wp-json\/wp\/v2\/product_tag?post=3730"}],"curies":[{"name":"wp","href":"https:\/\/api.w.org\/{rel}","templated":true}]}}