{"id":3732,"date":"2021-02-05T18:51:40","date_gmt":"2021-02-05T18:51:40","guid":{"rendered":"https:\/\/tropicalespresso.com\/tropicalespresso\/?post_type=product&#038;p=3732"},"modified":"2024-10-17T13:53:36","modified_gmt":"2024-10-17T13:53:36","slug":"infusao-chocolate-hortela","status":"publish","type":"product","link":"https:\/\/tropicalespresso.com\/tropicalespresso\/product\/infusao-chocolate-hortela\/","title":{"rendered":"Ch\u00e1 Preto de Chocolate e Hortel\u00e3"},"content":{"rendered":"<p>Mistura de ch\u00e1 preto com ervas e especiarias. Aroma a chocolate, laranja e\u00a0 uma leve frescura a hortel\u00e3<\/p>\n<p>Ingredientes<strong>: <\/strong>ch\u00e1 preto (26%), canela, peda\u00e7os de semente de cacau (11%), hortel\u00e3-pimenta (10%), gengibre, casca de laranja (7%), cardamomo, folhas de amoreira doce, pimenta rosa, aroma de laranja natural, aroma de hortel\u00e3-pimenta natural<\/p>\n<p>&nbsp;<\/p>\n<p>M\u00e9todo de prepara\u00e7\u00e3o: Infus\u00e3o 100\u00baC durante 3\/4 min<\/p>\n<p>&nbsp;<\/p>\n<p>Peso: 50gr<\/p>\n<p><strong>Contem Cafe\u00edna<\/strong><\/p>\n<p><a href=\"http:\/\/tropicalespresso.com\/ficha_tecnica\/FT CHOCOLATE HORTELA pt.pdf\" target=\"_blank\" rel=\"noopener noreferrer\"><em><strong>Consultar Ficha T\u00e9cnica\u00a0<\/strong><\/em><\/a><\/p>\n","protected":false},"excerpt":{"rendered":"<p>Mistura de ch\u00e1 preto com ervas e especiarias. Aroma a chocolate, laranja e\u00a0 uma leve frescura a hortel\u00e3 Ingredientes: ch\u00e1 preto (26%), canela, peda\u00e7os de semente de cacau (11%), hortel\u00e3-pimenta (10%), gengibre, casca de laranja (7%), cardamomo, folhas de amoreira [&hellip;]<\/p>\n","protected":false},"featured_media":4297,"comment_status":"open","ping_status":"closed","template":"","meta":[],"product_brand":[],"product_cat":[257],"product_tag":[284,212,283,225,285],"class_list":{"0":"post-3732","1":"product","2":"type-product","3":"status-publish","4":"has-post-thumbnail","6":"product_cat-chas-e-infusoes","7":"product_tag-cacau","8":"product_tag-cha","9":"product_tag-hortela-pimenta","10":"product_tag-infusao","11":"product_tag-preto","13":"first","14":"instock","15":"taxable","16":"shipping-taxable","17":"purchasable","18":"product-type-simple"},"jetpack_sharing_enabled":true,"_links":{"self":[{"href":"https:\/\/tropicalespresso.com\/tropicalespresso\/wp-json\/wp\/v2\/product\/3732","targetHints":{"allow":["GET"]}}],"collection":[{"href":"https:\/\/tropicalespresso.com\/tropicalespresso\/wp-json\/wp\/v2\/product"}],"about":[{"href":"https:\/\/tropicalespresso.com\/tropicalespresso\/wp-json\/wp\/v2\/types\/product"}],"replies":[{"embeddable":true,"href":"https:\/\/tropicalespresso.com\/tropicalespresso\/wp-json\/wp\/v2\/comments?post=3732"}],"wp:featuredmedia":[{"embeddable":true,"href":"https:\/\/tropicalespresso.com\/tropicalespresso\/wp-json\/wp\/v2\/media\/4297"}],"wp:attachment":[{"href":"https:\/\/tropicalespresso.com\/tropicalespresso\/wp-json\/wp\/v2\/media?parent=3732"}],"wp:term":[{"taxonomy":"product_brand","embeddable":true,"href":"https:\/\/tropicalespresso.com\/tropicalespresso\/wp-json\/wp\/v2\/product_brand?post=3732"},{"taxonomy":"product_cat","embeddable":true,"href":"https:\/\/tropicalespresso.com\/tropicalespresso\/wp-json\/wp\/v2\/product_cat?post=3732"},{"taxonomy":"product_tag","embeddable":true,"href":"https:\/\/tropicalespresso.com\/tropicalespresso\/wp-json\/wp\/v2\/product_tag?post=3732"}],"curies":[{"name":"wp","href":"https:\/\/api.w.org\/{rel}","templated":true}]}}