{"id":3734,"date":"2021-02-05T19:02:00","date_gmt":"2021-02-05T19:02:00","guid":{"rendered":"https:\/\/tropicalespresso.com\/tropicalespresso\/?post_type=product&#038;p=3734"},"modified":"2025-11-18T14:09:30","modified_gmt":"2025-11-18T14:09:30","slug":"cha-preto-2","status":"publish","type":"product","link":"https:\/\/tropicalespresso.com\/tropicalespresso\/product\/cha-preto-2\/","title":{"rendered":"Preto"},"content":{"rendered":"<p>Ch\u00e1 Preto cultivado no Balangoda Siri Lanka, de\u00a0sabor forte com aroma floral doce.<\/p>\n<p>&nbsp;<\/p>\n<p>Ingredientes: Ch\u00e1 Preto <strong>Pettiagalla Balangoda\u00a0<\/strong><\/p>\n<p>M\u00e9todo de prepara\u00e7\u00e3o: Infus\u00e3o 95 \u00baC durante 5\/6 min<\/p>\n<p>&nbsp;<\/p>\n<p>Peso:50gr<\/p>\n<p><strong>Contem Cafe\u00edna<\/strong><\/p>\n<p>&nbsp;<\/p>\n","protected":false},"excerpt":{"rendered":"<p>Ch\u00e1 Preto cultivado no Balangoda Siri Lanka, de\u00a0sabor forte com aroma floral doce. &nbsp; Ingredientes: Ch\u00e1 Preto Pettiagalla Balangoda\u00a0 M\u00e9todo de prepara\u00e7\u00e3o: Infus\u00e3o 95 \u00baC durante 5\/6 min &nbsp; Peso:50gr Contem Cafe\u00edna &nbsp;<\/p>\n","protected":false},"featured_media":4292,"comment_status":"open","ping_status":"closed","template":"","meta":[],"product_brand":[],"product_cat":[257],"product_tag":[212,286,285],"class_list":{"0":"post-3734","1":"product","2":"type-product","3":"status-publish","4":"has-post-thumbnail","6":"product_cat-chas-e-infusoes","7":"product_tag-cha","8":"product_tag-pettiagalla-balangoda","9":"product_tag-preto","11":"first","12":"instock","13":"taxable","14":"shipping-taxable","15":"purchasable","16":"product-type-simple"},"jetpack_sharing_enabled":true,"_links":{"self":[{"href":"https:\/\/tropicalespresso.com\/tropicalespresso\/wp-json\/wp\/v2\/product\/3734","targetHints":{"allow":["GET"]}}],"collection":[{"href":"https:\/\/tropicalespresso.com\/tropicalespresso\/wp-json\/wp\/v2\/product"}],"about":[{"href":"https:\/\/tropicalespresso.com\/tropicalespresso\/wp-json\/wp\/v2\/types\/product"}],"replies":[{"embeddable":true,"href":"https:\/\/tropicalespresso.com\/tropicalespresso\/wp-json\/wp\/v2\/comments?post=3734"}],"wp:featuredmedia":[{"embeddable":true,"href":"https:\/\/tropicalespresso.com\/tropicalespresso\/wp-json\/wp\/v2\/media\/4292"}],"wp:attachment":[{"href":"https:\/\/tropicalespresso.com\/tropicalespresso\/wp-json\/wp\/v2\/media?parent=3734"}],"wp:term":[{"taxonomy":"product_brand","embeddable":true,"href":"https:\/\/tropicalespresso.com\/tropicalespresso\/wp-json\/wp\/v2\/product_brand?post=3734"},{"taxonomy":"product_cat","embeddable":true,"href":"https:\/\/tropicalespresso.com\/tropicalespresso\/wp-json\/wp\/v2\/product_cat?post=3734"},{"taxonomy":"product_tag","embeddable":true,"href":"https:\/\/tropicalespresso.com\/tropicalespresso\/wp-json\/wp\/v2\/product_tag?post=3734"}],"curies":[{"name":"wp","href":"https:\/\/api.w.org\/{rel}","templated":true}]}}