{"id":3747,"date":"2021-02-08T18:45:44","date_gmt":"2021-02-08T18:45:44","guid":{"rendered":"https:\/\/tropicalespresso.com\/tropicalespresso\/?post_type=product&#038;p=3747"},"modified":"2024-11-18T10:18:32","modified_gmt":"2024-11-18T10:18:32","slug":"cabaz-capsula","status":"publish","type":"product","link":"https:\/\/tropicalespresso.com\/tropicalespresso\/product\/cabaz-capsula\/","title":{"rendered":"Cabaz c\u00e1psula Sortido"},"content":{"rendered":"<p>&nbsp;<\/p>\n<p>Contem: 2 cxs de 10 unidades de caf\u00e9 de m\u00e9dia intensidade, 1 cx de descafeinado em c\u00e1psulas (compat\u00edveis com nespresso) e 1 lata de sortido Mi\u00fados e Gra\u00fados Paup\u00e9rio.<\/p>\n<p>A lata contem 400g de uma variedade de 6 biscoitos distintos onde podemos encontrar, entre outros, as deliciosas sugar wafers e as lenas embrulhadas em papel prata.<\/p>\n<p>&nbsp;<\/p>\n<p><em><strong><a href=\"http:\/\/tropicalespresso.com\/ficha_tecnica\/FT.49.01 - Sortido Miudos e Graudos.pdf\" target=\"_blank\" rel=\"noopener noreferrer\">Consultar Ficha T\u00e9cnica Sortido<\/a><br \/>\n<a href=\"http:\/\/tropicalespresso.com\/ficha_tecnica\/SA-IT14-E01.R00-F.T. CAFE CAPS CLASSIC PREMIUM.pdf\" target=\"_blank\" rel=\"noopener noreferrer\">Consultar Ficha T\u00e9cnica Caf\u00e9\u00a0<\/a><\/strong><\/em><\/p>\n<p>&nbsp;<\/p>\n<p>&nbsp;<\/p>\n","protected":false},"excerpt":{"rendered":"<p>&nbsp; Contem: 2 cxs de 10 unidades de caf\u00e9 de m\u00e9dia intensidade, 1 cx de descafeinado em c\u00e1psulas (compat\u00edveis com nespresso) e 1 lata de sortido Mi\u00fados e Gra\u00fados Paup\u00e9rio. A lata contem 400g de uma variedade de 6 biscoitos [&hellip;]<\/p>\n","protected":false},"featured_media":3751,"comment_status":"open","ping_status":"closed","template":"","meta":[],"product_brand":[],"product_cat":[252],"product_tag":[211,202,205,236],"class_list":{"0":"post-3747","1":"product","2":"type-product","3":"status-publish","4":"has-post-thumbnail","6":"product_cat-cabazes","7":"product_tag-biscoitos","8":"product_tag-cafe","9":"product_tag-capsulas","10":"product_tag-pauperio","12":"first","13":"instock","14":"taxable","15":"shipping-taxable","16":"purchasable","17":"product-type-simple"},"jetpack_sharing_enabled":true,"_links":{"self":[{"href":"https:\/\/tropicalespresso.com\/tropicalespresso\/wp-json\/wp\/v2\/product\/3747","targetHints":{"allow":["GET"]}}],"collection":[{"href":"https:\/\/tropicalespresso.com\/tropicalespresso\/wp-json\/wp\/v2\/product"}],"about":[{"href":"https:\/\/tropicalespresso.com\/tropicalespresso\/wp-json\/wp\/v2\/types\/product"}],"replies":[{"embeddable":true,"href":"https:\/\/tropicalespresso.com\/tropicalespresso\/wp-json\/wp\/v2\/comments?post=3747"}],"wp:featuredmedia":[{"embeddable":true,"href":"https:\/\/tropicalespresso.com\/tropicalespresso\/wp-json\/wp\/v2\/media\/3751"}],"wp:attachment":[{"href":"https:\/\/tropicalespresso.com\/tropicalespresso\/wp-json\/wp\/v2\/media?parent=3747"}],"wp:term":[{"taxonomy":"product_brand","embeddable":true,"href":"https:\/\/tropicalespresso.com\/tropicalespresso\/wp-json\/wp\/v2\/product_brand?post=3747"},{"taxonomy":"product_cat","embeddable":true,"href":"https:\/\/tropicalespresso.com\/tropicalespresso\/wp-json\/wp\/v2\/product_cat?post=3747"},{"taxonomy":"product_tag","embeddable":true,"href":"https:\/\/tropicalespresso.com\/tropicalespresso\/wp-json\/wp\/v2\/product_tag?post=3747"}],"curies":[{"name":"wp","href":"https:\/\/api.w.org\/{rel}","templated":true}]}}