{"id":3775,"date":"2021-02-10T13:25:36","date_gmt":"2021-02-10T13:25:36","guid":{"rendered":"https:\/\/tropicalespresso.com\/tropicalespresso\/?post_type=product&#038;p=3775"},"modified":"2024-10-21T09:35:04","modified_gmt":"2024-10-21T09:35:04","slug":"cabaz-cafe-moido-e-biscoitos-2","status":"publish","type":"product","link":"https:\/\/tropicalespresso.com\/tropicalespresso\/product\/cabaz-cafe-moido-e-biscoitos-2\/","title":{"rendered":"Cabaz caf\u00e9 Mo\u00eddo e Biscoitos"},"content":{"rendered":"<p>Contem: 4 embalagens de 250g de caf\u00e9 moagem grossa lote Barista e 1 lata de sortido Sele\u00e7\u00e3o da Paup\u00e9rio<\/p>\n<p>A moagem grossa \u00e9 ideal para cafeteira italiana e filtro.<\/p>\n<p>A lata contem 450g de uma variedade de 16 biscoitos distintos. Fidalguinhos, biscoitos de milho, biscoitos de chocolate ou biscoitos secos, entre outros, podem ser encontrados no seu interior.<\/p>\n<p><em><strong><a href=\"http:\/\/tropicalespresso.com\/ficha_tecnica\/FT.43%20-%20Sortido%20SeleA%CC%83%C2%A7A%CC%83%C2%A3o.pdf\" target=\"_blank\" rel=\"noopener noreferrer\">Consultar Ficha T\u00e9cnica Sortido<\/a><br \/>\n<a href=\"http:\/\/tropicalespresso.com\/ficha_tecnica\/SA-IT19-E01.R01-F.T.%20CAFE%20BAR.pdf\" target=\"_blank\" rel=\"noopener noreferrer\">Consultar Ficha T\u00e9cnica Caf\u00e9\u00a0<\/a><\/strong><\/em><\/p>\n","protected":false},"excerpt":{"rendered":"<p>Contem: 4 embalagens de 250g de caf\u00e9 moagem grossa lote Barista e 1 lata de sortido Sele\u00e7\u00e3o da Paup\u00e9rio A moagem grossa \u00e9 ideal para cafeteira italiana e filtro. A lata contem 450g de uma variedade de 16 biscoitos distintos. [&hellip;]<\/p>\n","protected":false},"featured_media":3776,"comment_status":"open","ping_status":"closed","template":"","meta":[],"product_brand":[],"product_cat":[250,252,254,247],"product_tag":[211,201,202,226],"class_list":{"0":"post-3775","1":"product","2":"type-product","3":"status-publish","4":"has-post-thumbnail","6":"product_cat-biscoitos","7":"product_cat-cabazes","8":"product_cat-cafes","9":"product_cat-lote-barista","10":"product_tag-biscoitos","11":"product_tag-cabaz","12":"product_tag-cafe","13":"product_tag-cafe-moido","15":"first","16":"instock","17":"taxable","18":"shipping-taxable","19":"purchasable","20":"product-type-simple"},"jetpack_sharing_enabled":true,"_links":{"self":[{"href":"https:\/\/tropicalespresso.com\/tropicalespresso\/wp-json\/wp\/v2\/product\/3775","targetHints":{"allow":["GET"]}}],"collection":[{"href":"https:\/\/tropicalespresso.com\/tropicalespresso\/wp-json\/wp\/v2\/product"}],"about":[{"href":"https:\/\/tropicalespresso.com\/tropicalespresso\/wp-json\/wp\/v2\/types\/product"}],"replies":[{"embeddable":true,"href":"https:\/\/tropicalespresso.com\/tropicalespresso\/wp-json\/wp\/v2\/comments?post=3775"}],"wp:featuredmedia":[{"embeddable":true,"href":"https:\/\/tropicalespresso.com\/tropicalespresso\/wp-json\/wp\/v2\/media\/3776"}],"wp:attachment":[{"href":"https:\/\/tropicalespresso.com\/tropicalespresso\/wp-json\/wp\/v2\/media?parent=3775"}],"wp:term":[{"taxonomy":"product_brand","embeddable":true,"href":"https:\/\/tropicalespresso.com\/tropicalespresso\/wp-json\/wp\/v2\/product_brand?post=3775"},{"taxonomy":"product_cat","embeddable":true,"href":"https:\/\/tropicalespresso.com\/tropicalespresso\/wp-json\/wp\/v2\/product_cat?post=3775"},{"taxonomy":"product_tag","embeddable":true,"href":"https:\/\/tropicalespresso.com\/tropicalespresso\/wp-json\/wp\/v2\/product_tag?post=3775"}],"curies":[{"name":"wp","href":"https:\/\/api.w.org\/{rel}","templated":true}]}}