{"id":3840,"date":"2021-02-11T17:23:01","date_gmt":"2021-02-11T17:23:01","guid":{"rendered":"https:\/\/tropicalespresso.com\/tropicalespresso\/?post_type=product&#038;p=3840"},"modified":"2025-11-20T18:00:45","modified_gmt":"2025-11-20T18:00:45","slug":"infusao-maca-assaada","status":"publish","type":"product","link":"https:\/\/tropicalespresso.com\/tropicalespresso\/product\/infusao-maca-assaada\/","title":{"rendered":"Ma\u00e7\u00e3 Assada"},"content":{"rendered":"<p>Mistura de Infus\u00e3o de aromas de fruta. Com aroma tradicional e delicado a ma\u00e7\u00e3 assada.<\/p>\n<p>&nbsp;<\/p>\n<p>Ingredientes:Ma\u00e7\u00e3 (40%), Hibisco, Casca de laranja, Casca de cin\u00f3rrodo, Peda\u00e7os de ma\u00e7\u00e3 acidificada (4%) (ma\u00e7\u00e3s com \u00e1cido c\u00edtrico), Flores de rosa, <strong><u>AM\u00caNDOA<\/u><\/strong><\/p>\n<p>M\u00e9todo de prepara\u00e7\u00e3o: Infus\u00e3o 100\u00baC durante 6\/10min<\/p>\n<p>&nbsp;<\/p>\n<p>Peso:50gr<\/p>\n<p>&nbsp;<\/p>\n<p><a href=\"http:\/\/tropicalespresso.com\/ficha_tecnica\/FT MACA ASSADA pt.pdf\" target=\"_blank\" rel=\"noopener noreferrer\"><em><strong>Consultar Ficha T\u00e9cnica<\/strong><\/em><\/a><\/p>\n<p>&nbsp;<\/p>\n<p>&nbsp;<\/p>\n","protected":false},"excerpt":{"rendered":"<p>Mistura de Infus\u00e3o de aromas de fruta. Com aroma tradicional e delicado a ma\u00e7\u00e3 assada. &nbsp; Ingredientes:Ma\u00e7\u00e3 (40%), Hibisco, Casca de laranja, Casca de cin\u00f3rrodo, Peda\u00e7os de ma\u00e7\u00e3 acidificada (4%) (ma\u00e7\u00e3s com \u00e1cido c\u00edtrico), Flores de rosa, AM\u00caNDOA M\u00e9todo de [&hellip;]<\/p>\n","protected":false},"featured_media":4296,"comment_status":"open","ping_status":"closed","template":"","meta":[],"product_brand":[],"product_cat":[257],"product_tag":[212,225,265],"class_list":{"0":"post-3840","1":"product","2":"type-product","3":"status-publish","4":"has-post-thumbnail","6":"product_cat-chas-e-infusoes","7":"product_tag-cha","8":"product_tag-infusao","9":"product_tag-maca","11":"first","12":"outofstock","13":"taxable","14":"shipping-taxable","15":"purchasable","16":"product-type-simple"},"jetpack_sharing_enabled":true,"_links":{"self":[{"href":"https:\/\/tropicalespresso.com\/tropicalespresso\/wp-json\/wp\/v2\/product\/3840","targetHints":{"allow":["GET"]}}],"collection":[{"href":"https:\/\/tropicalespresso.com\/tropicalespresso\/wp-json\/wp\/v2\/product"}],"about":[{"href":"https:\/\/tropicalespresso.com\/tropicalespresso\/wp-json\/wp\/v2\/types\/product"}],"replies":[{"embeddable":true,"href":"https:\/\/tropicalespresso.com\/tropicalespresso\/wp-json\/wp\/v2\/comments?post=3840"}],"wp:featuredmedia":[{"embeddable":true,"href":"https:\/\/tropicalespresso.com\/tropicalespresso\/wp-json\/wp\/v2\/media\/4296"}],"wp:attachment":[{"href":"https:\/\/tropicalespresso.com\/tropicalespresso\/wp-json\/wp\/v2\/media?parent=3840"}],"wp:term":[{"taxonomy":"product_brand","embeddable":true,"href":"https:\/\/tropicalespresso.com\/tropicalespresso\/wp-json\/wp\/v2\/product_brand?post=3840"},{"taxonomy":"product_cat","embeddable":true,"href":"https:\/\/tropicalespresso.com\/tropicalespresso\/wp-json\/wp\/v2\/product_cat?post=3840"},{"taxonomy":"product_tag","embeddable":true,"href":"https:\/\/tropicalespresso.com\/tropicalespresso\/wp-json\/wp\/v2\/product_tag?post=3840"}],"curies":[{"name":"wp","href":"https:\/\/api.w.org\/{rel}","templated":true}]}}