{"id":4051,"date":"2021-02-23T14:12:37","date_gmt":"2021-02-23T14:12:37","guid":{"rendered":"https:\/\/tropicalespresso.com\/tropicalespresso\/?post_type=product&#038;p=4051"},"modified":"2024-10-21T10:53:48","modified_gmt":"2024-10-21T10:53:48","slug":"porto-tawny-e-sortido","status":"publish","type":"product","link":"https:\/\/tropicalespresso.com\/tropicalespresso\/product\/porto-tawny-e-sortido\/","title":{"rendered":"Porto tawny e Sortido"},"content":{"rendered":"<p>Cont\u00e9m 1 garrafa de Vinho do Porto Nieport Tawny DEE 75cl e 1 Lata de Sortido Selec\u00e7\u00e3o Paup\u00e9rio 900g<\/p>\n<p>Do Porto:<\/p>\n<p>O Tawny Dee resulta da lota\u00e7\u00e3o de vinhos provenientes de vinhas de baixo rendimento localizadas na zona do Cima Corgo, no vale do Douro. S\u00e3o uvas pisadas maioritariamente em lagares.<\/p>\n<p>Os vinhos envelhecem em m\u00e9dia 3 anos e meio em pequenas pipas de Vinho do Porto nas caves em Gaia antes de serem engarrafados.<\/p>\n<p><a href=\"https:\/\/www.niepoort-vinhos.com\/pt\/ports\/Ruby-Dum-&amp;-Tawny-Dee.html\" target=\"_blank\" rel=\"noopener noreferrer\"><em><strong>Consultar Ficha T\u00e9cnica Ruby Tawny<\/strong><\/em><\/a><\/p>\n<p>Do Sortido:<\/p>\n<p>Uma sele\u00e7\u00e3o dos melhores sabores da Paup\u00e9rio embalados numa requintada lata de design vintage. A lata, que se encontra dividida em 4 partes, contem uma variedade de 16 biscoitos distintos. Fidalguinhos, biscoitos de milho, biscoitos de chocolate ou biscoitos secos, podem ser encontrados no seu interior.<\/p>\n<p>&nbsp;<\/p>\n<p><em><strong><a href=\"http:\/\/tropicalespresso.com\/ficha_tecnica\/FT.43%20-%20Sortido%20SeleA%CC%83%C2%A7A%CC%83%C2%A3o.pdf\" target=\"_blank\" rel=\"noopener noreferrer\">Consultar Ficha T\u00e9cnica Sortido<\/a><\/strong><\/em><\/p>\n","protected":false},"excerpt":{"rendered":"<p>Cont\u00e9m 1 garrafa de Vinho do Porto Nieport Tawny DEE 75cl e 1 Lata de Sortido Selec\u00e7\u00e3o Paup\u00e9rio 900g Do Porto: O Tawny Dee resulta da lota\u00e7\u00e3o de vinhos provenientes de vinhas de baixo rendimento localizadas na zona do Cima [&hellip;]<\/p>\n","protected":false},"featured_media":3956,"comment_status":"open","ping_status":"closed","template":"","meta":[],"product_brand":[],"product_cat":[252],"product_tag":[197,211,201],"class_list":{"0":"post-4051","1":"product","2":"type-product","3":"status-publish","4":"has-post-thumbnail","6":"product_cat-cabazes","7":"product_tag-bebidas","8":"product_tag-biscoitos","9":"product_tag-cabaz","11":"first","12":"instock","13":"taxable","14":"shipping-taxable","15":"purchasable","16":"product-type-simple"},"jetpack_sharing_enabled":true,"_links":{"self":[{"href":"https:\/\/tropicalespresso.com\/tropicalespresso\/wp-json\/wp\/v2\/product\/4051","targetHints":{"allow":["GET"]}}],"collection":[{"href":"https:\/\/tropicalespresso.com\/tropicalespresso\/wp-json\/wp\/v2\/product"}],"about":[{"href":"https:\/\/tropicalespresso.com\/tropicalespresso\/wp-json\/wp\/v2\/types\/product"}],"replies":[{"embeddable":true,"href":"https:\/\/tropicalespresso.com\/tropicalespresso\/wp-json\/wp\/v2\/comments?post=4051"}],"wp:featuredmedia":[{"embeddable":true,"href":"https:\/\/tropicalespresso.com\/tropicalespresso\/wp-json\/wp\/v2\/media\/3956"}],"wp:attachment":[{"href":"https:\/\/tropicalespresso.com\/tropicalespresso\/wp-json\/wp\/v2\/media?parent=4051"}],"wp:term":[{"taxonomy":"product_brand","embeddable":true,"href":"https:\/\/tropicalespresso.com\/tropicalespresso\/wp-json\/wp\/v2\/product_brand?post=4051"},{"taxonomy":"product_cat","embeddable":true,"href":"https:\/\/tropicalespresso.com\/tropicalespresso\/wp-json\/wp\/v2\/product_cat?post=4051"},{"taxonomy":"product_tag","embeddable":true,"href":"https:\/\/tropicalespresso.com\/tropicalespresso\/wp-json\/wp\/v2\/product_tag?post=4051"}],"curies":[{"name":"wp","href":"https:\/\/api.w.org\/{rel}","templated":true}]}}