{"id":4054,"date":"2021-02-20T17:04:45","date_gmt":"2021-02-20T17:04:45","guid":{"rendered":"https:\/\/tropicalespresso.com\/tropicalespresso\/?post_type=product&#038;p=4054"},"modified":"2024-10-21T11:08:08","modified_gmt":"2024-10-21T11:08:08","slug":"cabaz-dry-white-e-sortido","status":"publish","type":"product","link":"https:\/\/tropicalespresso.com\/tropicalespresso\/product\/cabaz-dry-white-e-sortido\/","title":{"rendered":"Cabaz Dry White e Sortido"},"content":{"rendered":"<p>Contem 1 garrafa de Vinho do porto Niepoort Dry White 75cl e 1 sortido lata Selec\u00e7\u00e3o Paup\u00e9rio 900g<\/p>\n<p>Do Porto<\/p>\n<p>Um estilo pouco usual, este Branco Seco Niepoort. As uvas para este vinho sofrem uma longa macera\u00e7\u00e3o com as pel\u00edculas e enga\u00e7o. O lote final inclui v\u00e1rios vinhos envelhecidos em pequenas barricas velhas de carvalho nas caves de Vila Nova de Gaia, um m\u00ednimo de 3 anos e meio antes do engarrafamento.<\/p>\n<p><a href=\"https:\/\/www.niepoort-vinhos.com\/pt\/ports\/Dry-White.html\" target=\"_blank\" rel=\"noopener noreferrer\"><em><strong>Consultar Ficha T\u00e9cnica Dry White<\/strong><\/em><\/a><\/p>\n<p>Do Sortido<\/p>\n<p>Uma selec\u00e7\u00e3o dos melhores sabores da Paup\u00e9rio embalados numa requintada lata de design vintage. A lata, que se encontra dividida em 4 partes, contem uma variedade de 16 biscoitos distintos. Fidalguinhos, biscoitos de milho, biscoitos de chocolate ou biscoitos secos, podem ser encontrados no seu interior.<\/p>\n<p>&nbsp;<\/p>\n<p><em><strong><a href=\"http:\/\/tropicalespresso.com\/ficha_tecnica\/FT.43%20-%20Sortido%20SeleA%CC%83%C2%A7A%CC%83%C2%A3o.pdf\" target=\"_blank\" rel=\"noopener noreferrer\">Consultar Ficha T\u00e9cnica Sortido<\/a><\/strong><\/em><\/p>\n","protected":false},"excerpt":{"rendered":"<p>Contem 1 garrafa de Vinho do porto Niepoort Dry White 75cl e 1 sortido lata Selec\u00e7\u00e3o Paup\u00e9rio 900g Do Porto Um estilo pouco usual, este Branco Seco Niepoort. As uvas para este vinho sofrem uma longa macera\u00e7\u00e3o com as pel\u00edculas [&hellip;]<\/p>\n","protected":false},"featured_media":3958,"comment_status":"open","ping_status":"closed","template":"","meta":[],"product_brand":[],"product_cat":[252],"product_tag":[197,211,234,201],"class_list":{"0":"post-4054","1":"product","2":"type-product","3":"status-publish","4":"has-post-thumbnail","6":"product_cat-cabazes","7":"product_tag-bebidas","8":"product_tag-biscoitos","9":"product_tag-bolachas","10":"product_tag-cabaz","12":"first","13":"instock","14":"taxable","15":"shipping-taxable","16":"purchasable","17":"product-type-simple"},"jetpack_sharing_enabled":true,"_links":{"self":[{"href":"https:\/\/tropicalespresso.com\/tropicalespresso\/wp-json\/wp\/v2\/product\/4054","targetHints":{"allow":["GET"]}}],"collection":[{"href":"https:\/\/tropicalespresso.com\/tropicalespresso\/wp-json\/wp\/v2\/product"}],"about":[{"href":"https:\/\/tropicalespresso.com\/tropicalespresso\/wp-json\/wp\/v2\/types\/product"}],"replies":[{"embeddable":true,"href":"https:\/\/tropicalespresso.com\/tropicalespresso\/wp-json\/wp\/v2\/comments?post=4054"}],"wp:featuredmedia":[{"embeddable":true,"href":"https:\/\/tropicalespresso.com\/tropicalespresso\/wp-json\/wp\/v2\/media\/3958"}],"wp:attachment":[{"href":"https:\/\/tropicalespresso.com\/tropicalespresso\/wp-json\/wp\/v2\/media?parent=4054"}],"wp:term":[{"taxonomy":"product_brand","embeddable":true,"href":"https:\/\/tropicalespresso.com\/tropicalespresso\/wp-json\/wp\/v2\/product_brand?post=4054"},{"taxonomy":"product_cat","embeddable":true,"href":"https:\/\/tropicalespresso.com\/tropicalespresso\/wp-json\/wp\/v2\/product_cat?post=4054"},{"taxonomy":"product_tag","embeddable":true,"href":"https:\/\/tropicalespresso.com\/tropicalespresso\/wp-json\/wp\/v2\/product_tag?post=4054"}],"curies":[{"name":"wp","href":"https:\/\/api.w.org\/{rel}","templated":true}]}}