{"id":4055,"date":"2021-02-20T17:29:50","date_gmt":"2021-02-20T17:29:50","guid":{"rendered":"https:\/\/tropicalespresso.com\/tropicalespresso\/?post_type=product&#038;p=4055"},"modified":"2025-12-04T18:24:35","modified_gmt":"2025-12-04T18:24:35","slug":"tres-portos-e-sortido","status":"publish","type":"product","link":"https:\/\/tropicalespresso.com\/tropicalespresso\/product\/tres-portos-e-sortido\/","title":{"rendered":"Cabaz Tr\u00eas Portos e Sortido"},"content":{"rendered":"<p>Cont\u00e9m 3 garrafas de Porto 375ml Tawny DEE, Ruby e Dry white e Sortido Selec\u00e7\u00e3o Paup\u00e9rio 450g<\/p>\n<p>Do Porto<\/p>\n<p><a href=\"https:\/\/www.niepoort-vinhos.com\/pt\/ports\/Dry-White.html\" target=\"_blank\" rel=\"noopener noreferrer\"><em><strong>Consultar Ficha T\u00e9cnica Dry White<\/strong><\/em><\/a><br \/>\n<a href=\"https:\/\/www.niepoort-vinhos.com\/pt\/ports\/Ruby.html\" target=\"_blank\" rel=\"noopener noreferrer\"><em><strong>Consultar Ficha T\u00e9cnica Ruby<\/strong><\/em><\/a><br \/>\n<a href=\"https:\/\/www.niepoort-vinhos.com\/pt\/ports\/Ruby-Dum-&amp;-Tawny-Dee.html\" target=\"_blank\" rel=\"noopener noreferrer\"><em><strong>Consultar Ficha T\u00e9cnica Ruby Tawny<\/strong><\/em><\/a><\/p>\n<p>Dos Sortido<\/p>\n<p>Uma selec\u00e7\u00e3o dos melhores sabores da Paup\u00e9rio embalados numa requintada lata de design vintage. A lata contem uma variedade de 16 biscoitos distintos. Fidalguinhos, biscoitos de milho, biscoitos de chocolate ou biscoitos secos, entre outros, podem ser encontrados no seu interior.<\/p>\n<p><em><strong><a href=\"http:\/\/tropicalespresso.com\/ficha_tecnica\/FT.43%20-%20Sortido%20SeleA%CC%83%C2%A7A%CC%83%C2%A3o.pdf\" target=\"_blank\" rel=\"noopener noreferrer\">Consultar Ficha T\u00e9cnica Sortido<\/a><\/strong><\/em><\/p>\n<p>&nbsp;<\/p>\n","protected":false},"excerpt":{"rendered":"<p>Cont\u00e9m 3 garrafas de Porto 375ml Tawny DEE, Ruby e Dry white e Sortido Selec\u00e7\u00e3o Paup\u00e9rio 450g Do Porto Consultar Ficha T\u00e9cnica Dry White Consultar Ficha T\u00e9cnica Ruby Consultar Ficha T\u00e9cnica Ruby Tawny Dos Sortido Uma selec\u00e7\u00e3o dos melhores sabores [&hellip;]<\/p>\n","protected":false},"featured_media":3953,"comment_status":"open","ping_status":"closed","template":"","meta":[],"product_brand":[],"product_cat":[252],"product_tag":[197,211,234,201],"class_list":{"0":"post-4055","1":"product","2":"type-product","3":"status-publish","4":"has-post-thumbnail","6":"product_cat-cabazes","7":"product_tag-bebidas","8":"product_tag-biscoitos","9":"product_tag-bolachas","10":"product_tag-cabaz","12":"first","13":"outofstock","14":"taxable","15":"shipping-taxable","16":"purchasable","17":"product-type-simple"},"jetpack_sharing_enabled":true,"_links":{"self":[{"href":"https:\/\/tropicalespresso.com\/tropicalespresso\/wp-json\/wp\/v2\/product\/4055","targetHints":{"allow":["GET"]}}],"collection":[{"href":"https:\/\/tropicalespresso.com\/tropicalespresso\/wp-json\/wp\/v2\/product"}],"about":[{"href":"https:\/\/tropicalespresso.com\/tropicalespresso\/wp-json\/wp\/v2\/types\/product"}],"replies":[{"embeddable":true,"href":"https:\/\/tropicalespresso.com\/tropicalespresso\/wp-json\/wp\/v2\/comments?post=4055"}],"wp:featuredmedia":[{"embeddable":true,"href":"https:\/\/tropicalespresso.com\/tropicalespresso\/wp-json\/wp\/v2\/media\/3953"}],"wp:attachment":[{"href":"https:\/\/tropicalespresso.com\/tropicalespresso\/wp-json\/wp\/v2\/media?parent=4055"}],"wp:term":[{"taxonomy":"product_brand","embeddable":true,"href":"https:\/\/tropicalespresso.com\/tropicalespresso\/wp-json\/wp\/v2\/product_brand?post=4055"},{"taxonomy":"product_cat","embeddable":true,"href":"https:\/\/tropicalespresso.com\/tropicalespresso\/wp-json\/wp\/v2\/product_cat?post=4055"},{"taxonomy":"product_tag","embeddable":true,"href":"https:\/\/tropicalespresso.com\/tropicalespresso\/wp-json\/wp\/v2\/product_tag?post=4055"}],"curies":[{"name":"wp","href":"https:\/\/api.w.org\/{rel}","templated":true}]}}