{"id":4057,"date":"2021-02-20T17:54:06","date_gmt":"2021-02-20T17:54:06","guid":{"rendered":"https:\/\/tropicalespresso.com\/tropicalespresso\/?post_type=product&#038;p=4057"},"modified":"2024-10-21T11:04:47","modified_gmt":"2024-10-21T11:04:47","slug":"cabaz-licor-e-sortido","status":"publish","type":"product","link":"https:\/\/tropicalespresso.com\/tropicalespresso\/product\/cabaz-licor-e-sortido\/","title":{"rendered":"Cabaz Licor e Sortido"},"content":{"rendered":"<p>Cont\u00e9m 1 garrafa de Licor de caf\u00e9 Tropical 75cl e 1 cx de Sortido Fino 450g<\/p>\n<p>Do Licor:<\/p>\n<p>Um licor de caf\u00e9 ar\u00e1bica, de sabor requintado e jovem, com notas do melhor Caf\u00e9. Especial para degustar fresco ou com gelo. Um digestivo que se revela um excelente acompanhamento de um bom caf\u00e9 ou simplesmente com biscoitos.<\/p>\n<p><strong>Garrafa\u00a0<\/strong>70cl <strong>Teor de <\/strong><b>\u00e1lcool<\/b> %20\u00a0<strong>Produtor<\/strong>\u00a0Xar\u00e3o licores<\/p>\n<p>Do Sortido:<\/p>\n<p>O tradicional sortido da Paup\u00e9rio embalado numa bonita caixa de design vintage. Possui no seu interior um tabuleiro com 10 variedades de biscoitos, com sabores e texturas distintas, capazes de satisfazer todos os gostos.<\/p>\n<p>&nbsp;<\/p>\n<p>&nbsp;<\/p>\n","protected":false},"excerpt":{"rendered":"<p>Cont\u00e9m 1 garrafa de Licor de caf\u00e9 Tropical 75cl e 1 cx de Sortido Fino 450g Do Licor: Um licor de caf\u00e9 ar\u00e1bica, de sabor requintado e jovem, com notas do melhor Caf\u00e9. Especial para degustar fresco ou com gelo. [&hellip;]<\/p>\n","protected":false},"featured_media":3960,"comment_status":"open","ping_status":"closed","template":"","meta":[],"product_brand":[],"product_cat":[252],"product_tag":[197,211,234,201],"class_list":{"0":"post-4057","1":"product","2":"type-product","3":"status-publish","4":"has-post-thumbnail","6":"product_cat-cabazes","7":"product_tag-bebidas","8":"product_tag-biscoitos","9":"product_tag-bolachas","10":"product_tag-cabaz","12":"first","13":"instock","14":"taxable","15":"shipping-taxable","16":"purchasable","17":"product-type-simple"},"jetpack_sharing_enabled":true,"_links":{"self":[{"href":"https:\/\/tropicalespresso.com\/tropicalespresso\/wp-json\/wp\/v2\/product\/4057","targetHints":{"allow":["GET"]}}],"collection":[{"href":"https:\/\/tropicalespresso.com\/tropicalespresso\/wp-json\/wp\/v2\/product"}],"about":[{"href":"https:\/\/tropicalespresso.com\/tropicalespresso\/wp-json\/wp\/v2\/types\/product"}],"replies":[{"embeddable":true,"href":"https:\/\/tropicalespresso.com\/tropicalespresso\/wp-json\/wp\/v2\/comments?post=4057"}],"wp:featuredmedia":[{"embeddable":true,"href":"https:\/\/tropicalespresso.com\/tropicalespresso\/wp-json\/wp\/v2\/media\/3960"}],"wp:attachment":[{"href":"https:\/\/tropicalespresso.com\/tropicalespresso\/wp-json\/wp\/v2\/media?parent=4057"}],"wp:term":[{"taxonomy":"product_brand","embeddable":true,"href":"https:\/\/tropicalespresso.com\/tropicalespresso\/wp-json\/wp\/v2\/product_brand?post=4057"},{"taxonomy":"product_cat","embeddable":true,"href":"https:\/\/tropicalespresso.com\/tropicalespresso\/wp-json\/wp\/v2\/product_cat?post=4057"},{"taxonomy":"product_tag","embeddable":true,"href":"https:\/\/tropicalespresso.com\/tropicalespresso\/wp-json\/wp\/v2\/product_tag?post=4057"}],"curies":[{"name":"wp","href":"https:\/\/api.w.org\/{rel}","templated":true}]}}