{"id":4061,"date":"2021-02-23T11:24:13","date_gmt":"2021-02-23T11:24:13","guid":{"rendered":"https:\/\/tropicalespresso.com\/tropicalespresso\/?post_type=product&#038;p=4061"},"modified":"2025-11-20T17:10:11","modified_gmt":"2025-11-20T17:10:11","slug":"colecao-porto-niepoort-375ml","status":"publish","type":"product","link":"https:\/\/tropicalespresso.com\/tropicalespresso\/product\/colecao-porto-niepoort-375ml\/","title":{"rendered":"Cole\u00e7\u00e3o Porto Niepoort 375ml"},"content":{"rendered":"<p>&#8220;A PRENDA IDEAL PARA O PAI PARA O TIO OU AT\u00c9 PARA O PADRINHO&#8221;<\/p>\n<p>S\u00e3o 3 garrafas de 375ml de vinhos do Porto Niepoort<\/p>\n<p>Vinhos diferentes para momentos diferentes, com a reconhecida qualidade Niepoort<\/p>\n<p><a href=\"https:\/\/www.niepoort-vinhos.com\/pt\/ports\/Dry-White.html\" target=\"_blank\" rel=\"noopener noreferrer\"><em><strong>Consultar Ficha T\u00e9cnica Dry White<\/strong><\/em><\/a><br \/>\n<a href=\"https:\/\/www.niepoort-vinhos.com\/pt\/ports\/Ruby.html\" target=\"_blank\" rel=\"noopener noreferrer\"><em><strong>Consultar Ficha T\u00e9cnica Ruby<\/strong><\/em><\/a><br \/>\n<a href=\"https:\/\/www.niepoort-vinhos.com\/pt\/ports\/Ruby-Dum-&amp;-Tawny-Dee.html\" target=\"_blank\" rel=\"noopener noreferrer\"><em><strong>Consultar Ficha T\u00e9cnica Ruby Tawny<\/strong><\/em><\/a><\/p>\n","protected":false},"excerpt":{"rendered":"<p>&#8220;A PRENDA IDEAL PARA O PAI PARA O TIO OU AT\u00c9 PARA O PADRINHO&#8221; S\u00e3o 3 garrafas de 375ml de vinhos do Porto Niepoort Vinhos diferentes para momentos diferentes, com a reconhecida qualidade Niepoort Consultar Ficha T\u00e9cnica Dry White Consultar [&hellip;]<\/p>\n","protected":false},"featured_media":3952,"comment_status":"open","ping_status":"closed","template":"","meta":[],"product_brand":[],"product_cat":[308,252,249],"product_tag":[197,201,222],"class_list":{"0":"post-4061","1":"product","2":"type-product","3":"status-publish","4":"has-post-thumbnail","6":"product_cat-vinhosdoporto","7":"product_cat-cabazes","8":"product_cat-vinhos","9":"product_tag-bebidas","10":"product_tag-cabaz","11":"product_tag-vinho","13":"first","14":"outofstock","15":"taxable","16":"shipping-taxable","17":"purchasable","18":"product-type-simple"},"jetpack_sharing_enabled":true,"_links":{"self":[{"href":"https:\/\/tropicalespresso.com\/tropicalespresso\/wp-json\/wp\/v2\/product\/4061","targetHints":{"allow":["GET"]}}],"collection":[{"href":"https:\/\/tropicalespresso.com\/tropicalespresso\/wp-json\/wp\/v2\/product"}],"about":[{"href":"https:\/\/tropicalespresso.com\/tropicalespresso\/wp-json\/wp\/v2\/types\/product"}],"replies":[{"embeddable":true,"href":"https:\/\/tropicalespresso.com\/tropicalespresso\/wp-json\/wp\/v2\/comments?post=4061"}],"wp:featuredmedia":[{"embeddable":true,"href":"https:\/\/tropicalespresso.com\/tropicalespresso\/wp-json\/wp\/v2\/media\/3952"}],"wp:attachment":[{"href":"https:\/\/tropicalespresso.com\/tropicalespresso\/wp-json\/wp\/v2\/media?parent=4061"}],"wp:term":[{"taxonomy":"product_brand","embeddable":true,"href":"https:\/\/tropicalespresso.com\/tropicalespresso\/wp-json\/wp\/v2\/product_brand?post=4061"},{"taxonomy":"product_cat","embeddable":true,"href":"https:\/\/tropicalespresso.com\/tropicalespresso\/wp-json\/wp\/v2\/product_cat?post=4061"},{"taxonomy":"product_tag","embeddable":true,"href":"https:\/\/tropicalespresso.com\/tropicalespresso\/wp-json\/wp\/v2\/product_tag?post=4061"}],"curies":[{"name":"wp","href":"https:\/\/api.w.org\/{rel}","templated":true}]}}