{"id":4106,"date":"2021-02-23T13:26:12","date_gmt":"2021-02-23T13:26:12","guid":{"rendered":"https:\/\/tropicalespresso.com\/tropicalespresso\/?post_type=product&#038;p=4106"},"modified":"2024-10-21T10:58:18","modified_gmt":"2024-10-21T10:58:18","slug":"cafe-em-pastilha-e-lata-de-sortido","status":"publish","type":"product","link":"https:\/\/tropicalespresso.com\/tropicalespresso\/product\/cafe-em-pastilha-e-lata-de-sortido\/","title":{"rendered":"Caf\u00e9 em Pastilha e Lata de Sortido"},"content":{"rendered":"<p>S\u00e3o 4 caixas de 15 unidades de caf\u00e9 Tropical\u00ae em pastilha e uma lata de surtido Paup\u00e9rio 450g<\/p>\n<p>Do caf\u00e9:<\/p>\n<p>Com uma mate\u0301ria-prima de elevadi\u0301ssima qualidade, as pastilhas da Tropical\u00ae Cafe\u0301s proporcionam um cafe\u0301 de sabor sublime e prolongado com um agrada\u0301vel e intenso aroma.<br \/>\n<a href=\"http:\/\/tropicalespresso.com\/ficha_tecnica\/VERDE%20ROSE%20LEONES.pdf\" target=\"_blank\" rel=\"noopener noreferrer\"><em><strong>Consultar Ficha T\u00e9cnica<\/strong><\/em><\/a><\/p>\n<p>Do sortido:<\/p>\n<p>Uma sele\u00e7\u00e3o dos melhores sabores da Paup\u00e9rio embalados numa requintada lata de design vintage, recuperando as imagens das latas antigas do s\u00e9culo passado. A lata contem uma variedade de 16 biscoitos distintos. Fidalguinhos, biscoitos de milho, biscoitos de chocolate ou biscoitos secos, entre outros, podem ser encontrados no seu interior.<\/p>\n<p><em><strong><a href=\"http:\/\/tropicalespresso.com\/ficha_tecnica\/FT.43%20-%20Sortido%20SeleA%CC%83%C2%A7A%CC%83%C2%A3o.pdf\" target=\"_blank\" rel=\"noopener noreferrer\">Consultar Ficha T\u00e9cnica<\/a><\/strong><\/em><\/p>\n","protected":false},"excerpt":{"rendered":"<p>S\u00e3o 4 caixas de 15 unidades de caf\u00e9 Tropical\u00ae em pastilha e uma lata de surtido Paup\u00e9rio 450g Do caf\u00e9: Com uma mate\u0301ria-prima de elevadi\u0301ssima qualidade, as pastilhas da Tropical\u00ae Cafe\u0301s proporcionam um cafe\u0301 de sabor sublime e prolongado com [&hellip;]<\/p>\n","protected":false},"featured_media":4072,"comment_status":"open","ping_status":"closed","template":"","meta":[],"product_brand":[],"product_cat":[252],"product_tag":[202,209,293],"class_list":{"0":"post-4106","1":"product","2":"type-product","3":"status-publish","4":"has-post-thumbnail","6":"product_cat-cabazes","7":"product_tag-cafe","8":"product_tag-cafes","9":"product_tag-pods","11":"first","12":"instock","13":"taxable","14":"shipping-taxable","15":"purchasable","16":"product-type-simple"},"jetpack_sharing_enabled":true,"_links":{"self":[{"href":"https:\/\/tropicalespresso.com\/tropicalespresso\/wp-json\/wp\/v2\/product\/4106","targetHints":{"allow":["GET"]}}],"collection":[{"href":"https:\/\/tropicalespresso.com\/tropicalespresso\/wp-json\/wp\/v2\/product"}],"about":[{"href":"https:\/\/tropicalespresso.com\/tropicalespresso\/wp-json\/wp\/v2\/types\/product"}],"replies":[{"embeddable":true,"href":"https:\/\/tropicalespresso.com\/tropicalespresso\/wp-json\/wp\/v2\/comments?post=4106"}],"wp:featuredmedia":[{"embeddable":true,"href":"https:\/\/tropicalespresso.com\/tropicalespresso\/wp-json\/wp\/v2\/media\/4072"}],"wp:attachment":[{"href":"https:\/\/tropicalespresso.com\/tropicalespresso\/wp-json\/wp\/v2\/media?parent=4106"}],"wp:term":[{"taxonomy":"product_brand","embeddable":true,"href":"https:\/\/tropicalespresso.com\/tropicalespresso\/wp-json\/wp\/v2\/product_brand?post=4106"},{"taxonomy":"product_cat","embeddable":true,"href":"https:\/\/tropicalespresso.com\/tropicalespresso\/wp-json\/wp\/v2\/product_cat?post=4106"},{"taxonomy":"product_tag","embeddable":true,"href":"https:\/\/tropicalespresso.com\/tropicalespresso\/wp-json\/wp\/v2\/product_tag?post=4106"}],"curies":[{"name":"wp","href":"https:\/\/api.w.org\/{rel}","templated":true}]}}