{"id":4113,"date":"2021-02-23T16:01:14","date_gmt":"2021-02-23T16:01:14","guid":{"rendered":"https:\/\/tropicalespresso.com\/tropicalespresso\/?post_type=product&#038;p=4113"},"modified":"2024-10-21T10:52:15","modified_gmt":"2024-10-21T10:52:15","slug":"licor-biscoitos","status":"publish","type":"product","link":"https:\/\/tropicalespresso.com\/tropicalespresso\/product\/licor-biscoitos\/","title":{"rendered":"Licor &#038; Biscoitos"},"content":{"rendered":"<p>Uma garrafa de Licor de Caf\u00e9 Tropical e um sortido sele\u00e7\u00e3o Paup\u00e9rio.<\/p>\n<p>Do Licor<\/p>\n<p>Um licor de caf\u00e9 ar\u00e1bica, de sabor requintado e jovem, com notas do melhor Caf\u00e9. Especial para degustar fresco ou com gelo. Um digestivo que se revela um excelente\u00a0 acompanhamento de um bom caf\u00e9 ou simplesmente com biscoitos.<\/p>\n<p><strong>Capacidade:<\/strong> 70cl <strong>Teor de \u00c1lcool (%):\u00a0<\/strong>20 <strong>Produtor <\/strong>Xar\u00e3o<strong>\u00a0<\/strong><\/p>\n<p>Do Sortido<\/p>\n<p>Uma sele\u00e7\u00e3o dos melhores sabores da Paup\u00e9rio embalados numa requintada lata de design vintage, recuperando as imagens das latas antigas do s\u00e9culo passado. A lata contem uma variedade de 16 biscoitos distintos. Fidalguinhos, biscoitos de milho, biscoitos de chocolate ou biscoitos secos, entre outros, podem ser encontrados no seu interior.<br \/>\n<em><strong><a href=\"http:\/\/tropicalespresso.com\/ficha_tecnica\/FT.43%20-%20Sortido%20SeleA%CC%83%C2%A7A%CC%83%C2%A3o.pdf\" target=\"_blank\" rel=\"noopener noreferrer\">Consultar Ficha T\u00e9cnica\u00a0<\/a><\/strong><\/em><\/p>\n","protected":false},"excerpt":{"rendered":"<p>Uma garrafa de Licor de Caf\u00e9 Tropical e um sortido sele\u00e7\u00e3o Paup\u00e9rio. Do Licor Um licor de caf\u00e9 ar\u00e1bica, de sabor requintado e jovem, com notas do melhor Caf\u00e9. Especial para degustar fresco ou com gelo. Um digestivo que se [&hellip;]<\/p>\n","protected":false},"featured_media":4077,"comment_status":"open","ping_status":"closed","template":"","meta":[],"product_brand":[],"product_cat":[252],"product_tag":[211,201,202,199],"class_list":{"0":"post-4113","1":"product","2":"type-product","3":"status-publish","4":"has-post-thumbnail","6":"product_cat-cabazes","7":"product_tag-biscoitos","8":"product_tag-cabaz","9":"product_tag-cafe","10":"product_tag-licores","12":"first","13":"instock","14":"taxable","15":"shipping-taxable","16":"purchasable","17":"product-type-simple"},"jetpack_sharing_enabled":true,"_links":{"self":[{"href":"https:\/\/tropicalespresso.com\/tropicalespresso\/wp-json\/wp\/v2\/product\/4113","targetHints":{"allow":["GET"]}}],"collection":[{"href":"https:\/\/tropicalespresso.com\/tropicalespresso\/wp-json\/wp\/v2\/product"}],"about":[{"href":"https:\/\/tropicalespresso.com\/tropicalespresso\/wp-json\/wp\/v2\/types\/product"}],"replies":[{"embeddable":true,"href":"https:\/\/tropicalespresso.com\/tropicalespresso\/wp-json\/wp\/v2\/comments?post=4113"}],"wp:featuredmedia":[{"embeddable":true,"href":"https:\/\/tropicalespresso.com\/tropicalespresso\/wp-json\/wp\/v2\/media\/4077"}],"wp:attachment":[{"href":"https:\/\/tropicalespresso.com\/tropicalespresso\/wp-json\/wp\/v2\/media?parent=4113"}],"wp:term":[{"taxonomy":"product_brand","embeddable":true,"href":"https:\/\/tropicalespresso.com\/tropicalespresso\/wp-json\/wp\/v2\/product_brand?post=4113"},{"taxonomy":"product_cat","embeddable":true,"href":"https:\/\/tropicalespresso.com\/tropicalespresso\/wp-json\/wp\/v2\/product_cat?post=4113"},{"taxonomy":"product_tag","embeddable":true,"href":"https:\/\/tropicalespresso.com\/tropicalespresso\/wp-json\/wp\/v2\/product_tag?post=4113"}],"curies":[{"name":"wp","href":"https:\/\/api.w.org\/{rel}","templated":true}]}}