{"id":4117,"date":"2021-02-23T18:47:15","date_gmt":"2021-02-23T18:47:15","guid":{"rendered":"https:\/\/tropicalespresso.com\/tropicalespresso\/?post_type=product&#038;p=4117"},"modified":"2024-10-21T10:38:46","modified_gmt":"2024-10-21T10:38:46","slug":"cabaz-pic-nic","status":"publish","type":"product","link":"https:\/\/tropicalespresso.com\/tropicalespresso\/product\/cabaz-pic-nic\/","title":{"rendered":"Cabaz Pic-nic"},"content":{"rendered":"<p>Contem 1 saco com 180gr de Cacos, 6 compotas pequenas 45gr, 1 Queijo 500gr<\/p>\n<p>Dos Cacos<\/p>\n<p><strong>Biscoitaria Valonguense<\/strong>. Um Biscoito com tradi\u00e7\u00e3o na cidade de Valongo fino e estaladi\u00e7o com muito suave sabor a canela e n\u00e3o muito doce. Depois de come\u00e7ar o dif\u00edcil \u00e9 parar!<\/p>\n<p><a href=\"http:\/\/tropicalespresso.com\/ficha_tecnica\/FT_Cacos 2019.pdf\" target=\"_blank\" rel=\"noopener noreferrer\"><em><strong>Consultar Ficha T\u00e9cnica\u00a0<\/strong><\/em><\/a><\/p>\n<p>Das Compotas<\/p>\n<p>6 compotas <strong>Vanuskas\u00a0<\/strong>com o verdadeiro e doce sabor das frutas que as comp\u00f5em.<\/p>\n<p>Do queijo<\/p>\n<p>Na <strong>Quinta das Arcas<\/strong> nasce um Queijo de produ\u00e7\u00e3o artesanal, elaborado a partir de leite de vaca. Com um sabor\u00a0 particular e bem marcante. De consist\u00eancia cremosa, pasta mole e homog\u00e9nea, cor branco marfim. Embalado em v\u00e1cuo.<\/p>\n<p><a href=\"http:\/\/tropicalespresso.com\/ficha_tecnica\/queijo_normalpt.pdf\" target=\"_blank\" rel=\"noopener noreferrer\"><em><strong>Consultar Ficha T\u00e9cnica<\/strong><\/em><\/a><\/p>\n<p>&nbsp;<\/p>\n<p>&nbsp;<\/p>\n","protected":false},"excerpt":{"rendered":"<p>Contem 1 saco com 180gr de Cacos, 6 compotas pequenas 45gr, 1 Queijo 500gr Dos Cacos Biscoitaria Valonguense. Um Biscoito com tradi\u00e7\u00e3o na cidade de Valongo fino e estaladi\u00e7o com muito suave sabor a canela e n\u00e3o muito doce. Depois [&hellip;]<\/p>\n","protected":false},"featured_media":4075,"comment_status":"open","ping_status":"closed","template":"","meta":[],"product_brand":[],"product_cat":[252],"product_tag":[211,201],"class_list":{"0":"post-4117","1":"product","2":"type-product","3":"status-publish","4":"has-post-thumbnail","6":"product_cat-cabazes","7":"product_tag-biscoitos","8":"product_tag-cabaz","10":"first","11":"instock","12":"taxable","13":"shipping-taxable","14":"purchasable","15":"product-type-simple"},"jetpack_sharing_enabled":true,"_links":{"self":[{"href":"https:\/\/tropicalespresso.com\/tropicalespresso\/wp-json\/wp\/v2\/product\/4117","targetHints":{"allow":["GET"]}}],"collection":[{"href":"https:\/\/tropicalespresso.com\/tropicalespresso\/wp-json\/wp\/v2\/product"}],"about":[{"href":"https:\/\/tropicalespresso.com\/tropicalespresso\/wp-json\/wp\/v2\/types\/product"}],"replies":[{"embeddable":true,"href":"https:\/\/tropicalespresso.com\/tropicalespresso\/wp-json\/wp\/v2\/comments?post=4117"}],"wp:featuredmedia":[{"embeddable":true,"href":"https:\/\/tropicalespresso.com\/tropicalespresso\/wp-json\/wp\/v2\/media\/4075"}],"wp:attachment":[{"href":"https:\/\/tropicalespresso.com\/tropicalespresso\/wp-json\/wp\/v2\/media?parent=4117"}],"wp:term":[{"taxonomy":"product_brand","embeddable":true,"href":"https:\/\/tropicalespresso.com\/tropicalespresso\/wp-json\/wp\/v2\/product_brand?post=4117"},{"taxonomy":"product_cat","embeddable":true,"href":"https:\/\/tropicalespresso.com\/tropicalespresso\/wp-json\/wp\/v2\/product_cat?post=4117"},{"taxonomy":"product_tag","embeddable":true,"href":"https:\/\/tropicalespresso.com\/tropicalespresso\/wp-json\/wp\/v2\/product_tag?post=4117"}],"curies":[{"name":"wp","href":"https:\/\/api.w.org\/{rel}","templated":true}]}}