{"id":4157,"date":"2021-02-25T18:48:14","date_gmt":"2021-02-25T18:48:14","guid":{"rendered":"https:\/\/tropicalespresso.com\/tropicalespresso\/?post_type=product&#038;p=4157"},"modified":"2025-12-04T18:37:21","modified_gmt":"2025-12-04T18:37:21","slug":"cafe-com-cafeteira","status":"publish","type":"product","link":"https:\/\/tropicalespresso.com\/tropicalespresso\/product\/cafe-com-cafeteira\/","title":{"rendered":"Caf\u00e9 com Cafeteira"},"content":{"rendered":"<p>4 X 250g de caf\u00e9 mo\u00eddo Tropical lote Barista\u00a0 e 1 cafeteira Prensa Francesa 0.35lt. (A foto \u00e9 meramente ilustrativa poder\u00e1 haver altera\u00e7\u00f5es na modelo da cafeteira &#8220;Prensa Francesa&#8221; conforme stock existente).<\/p>\n<p>Uma forma r\u00e1pida e saborosa de fazer um bom caf\u00e9. Para o pequeno almo\u00e7o ou lanche, simples ou com leite.<\/p>\n<p>Prepara\u00e7\u00e3o em 3 passos:<\/p>\n<p>1 Deitar na cafeteira 1 colher de sopa bem cheia de Caf\u00e9 Tropical moagem grossa.<\/p>\n<p>2 Verter na cafeteira agua quase a ferver e mexer. ( Aguardar cerca de 3 minutos )<\/p>\n<p>3 Colocar a tampa baixando suavemente a pensa.<\/p>\n<p>NOTA: A quantidade \u00e9 a estimada, depender\u00e1 sempre do seu gosto aumentar ou diminuir a mesma.<\/p>\n<p><a href=\"http:\/\/tropicalespresso.com\/ficha_tecnica\/SA-IT19-E01.R01-F.T.%20CAFE%20BAR.pdf\" target=\"_blank\" rel=\"noopener noreferrer\"><em><strong>Consultar Ficha T\u00e9cnica<\/strong><\/em><\/a><\/p>\n","protected":false},"excerpt":{"rendered":"<p>4 X 250g de caf\u00e9 mo\u00eddo Tropical lote Barista\u00a0 e 1 cafeteira Prensa Francesa 0.35lt. (A foto \u00e9 meramente ilustrativa poder\u00e1 haver altera\u00e7\u00f5es na modelo da cafeteira &#8220;Prensa Francesa&#8221; conforme stock existente). Uma forma r\u00e1pida e saborosa de fazer um [&hellip;]<\/p>\n","protected":false},"featured_media":4069,"comment_status":"open","ping_status":"closed","template":"","meta":[],"product_brand":[],"product_cat":[252,254],"product_tag":[202,226,209],"class_list":{"0":"post-4157","1":"product","2":"type-product","3":"status-publish","4":"has-post-thumbnail","6":"product_cat-cabazes","7":"product_cat-cafes","8":"product_tag-cafe","9":"product_tag-cafe-moido","10":"product_tag-cafes","12":"first","13":"outofstock","14":"taxable","15":"shipping-taxable","16":"purchasable","17":"product-type-simple"},"jetpack_sharing_enabled":true,"_links":{"self":[{"href":"https:\/\/tropicalespresso.com\/tropicalespresso\/wp-json\/wp\/v2\/product\/4157","targetHints":{"allow":["GET"]}}],"collection":[{"href":"https:\/\/tropicalespresso.com\/tropicalespresso\/wp-json\/wp\/v2\/product"}],"about":[{"href":"https:\/\/tropicalespresso.com\/tropicalespresso\/wp-json\/wp\/v2\/types\/product"}],"replies":[{"embeddable":true,"href":"https:\/\/tropicalespresso.com\/tropicalespresso\/wp-json\/wp\/v2\/comments?post=4157"}],"wp:featuredmedia":[{"embeddable":true,"href":"https:\/\/tropicalespresso.com\/tropicalespresso\/wp-json\/wp\/v2\/media\/4069"}],"wp:attachment":[{"href":"https:\/\/tropicalespresso.com\/tropicalespresso\/wp-json\/wp\/v2\/media?parent=4157"}],"wp:term":[{"taxonomy":"product_brand","embeddable":true,"href":"https:\/\/tropicalespresso.com\/tropicalespresso\/wp-json\/wp\/v2\/product_brand?post=4157"},{"taxonomy":"product_cat","embeddable":true,"href":"https:\/\/tropicalespresso.com\/tropicalespresso\/wp-json\/wp\/v2\/product_cat?post=4157"},{"taxonomy":"product_tag","embeddable":true,"href":"https:\/\/tropicalespresso.com\/tropicalespresso\/wp-json\/wp\/v2\/product_tag?post=4157"}],"curies":[{"name":"wp","href":"https:\/\/api.w.org\/{rel}","templated":true}]}}