{"id":4222,"date":"2022-10-11T15:46:38","date_gmt":"2022-10-11T15:46:38","guid":{"rendered":"https:\/\/tropicalespresso.com\/tropicalespresso\/?post_type=product&#038;p=4222"},"modified":"2025-11-20T17:42:06","modified_gmt":"2025-11-20T17:42:06","slug":"natalicia","status":"publish","type":"product","link":"https:\/\/tropicalespresso.com\/tropicalespresso\/product\/natalicia\/","title":{"rendered":"Infus\u00e3o Natal\u00edcia"},"content":{"rendered":"<p>Mistura de infus\u00e3o de aromas de fruta.<\/p>\n<p>&nbsp;<\/p>\n<p>Ingredientes: ma\u00e7\u00e3 (40%), flores de hibisco (30%), cascas de laranja (10%), casca de cin\u00f3rrodo, p\u00e9talas de rosa, am\u00eandoas, aromas, cravo da \u00cdndia, p\u00f3 de cardamomo, baunilha.<\/p>\n<p>&nbsp;<\/p>\n<p>M\u00e9todo de prepara\u00e7\u00e3o: Infus\u00e3o 100\u00ba C durante 6\/10 min.<\/p>\n<p>&nbsp;<\/p>\n<p>Peso: 50gr.<\/p>\n<p>&nbsp;<\/p>\n<p><a href=\"https:\/\/tropicalespresso.com\/tropicalespresso\/wp-content\/uploads\/2022\/10\/FT-NATALICIA-pt.pdf\"><em><strong>Consultar Ficha T\u00e9cnica<\/strong><\/em><\/a><\/p>\n<p>&nbsp;<\/p>\n<p>&nbsp;<\/p>\n","protected":false},"excerpt":{"rendered":"<p>Mistura de infus\u00e3o de aromas de fruta. &nbsp; Ingredientes: ma\u00e7\u00e3 (40%), flores de hibisco (30%), cascas de laranja (10%), casca de cin\u00f3rrodo, p\u00e9talas de rosa, am\u00eandoas, aromas, cravo da \u00cdndia, p\u00f3 de cardamomo, baunilha. &nbsp; M\u00e9todo de prepara\u00e7\u00e3o: Infus\u00e3o 100\u00ba [&hellip;]<\/p>\n","protected":false},"featured_media":4294,"comment_status":"open","ping_status":"closed","template":"","meta":[],"product_brand":[],"product_cat":[257],"product_tag":[212,262,225,265,276,274],"class_list":{"0":"post-4222","1":"product","2":"type-product","3":"status-publish","4":"has-post-thumbnail","6":"product_cat-chas-e-infusoes","7":"product_tag-cha","8":"product_tag-hibisco","9":"product_tag-infusao","10":"product_tag-maca","11":"product_tag-pinhao","12":"product_tag-rosa","14":"first","15":"outofstock","16":"taxable","17":"shipping-taxable","18":"purchasable","19":"product-type-simple"},"jetpack_sharing_enabled":true,"_links":{"self":[{"href":"https:\/\/tropicalespresso.com\/tropicalespresso\/wp-json\/wp\/v2\/product\/4222","targetHints":{"allow":["GET"]}}],"collection":[{"href":"https:\/\/tropicalespresso.com\/tropicalespresso\/wp-json\/wp\/v2\/product"}],"about":[{"href":"https:\/\/tropicalespresso.com\/tropicalespresso\/wp-json\/wp\/v2\/types\/product"}],"replies":[{"embeddable":true,"href":"https:\/\/tropicalespresso.com\/tropicalespresso\/wp-json\/wp\/v2\/comments?post=4222"}],"wp:featuredmedia":[{"embeddable":true,"href":"https:\/\/tropicalespresso.com\/tropicalespresso\/wp-json\/wp\/v2\/media\/4294"}],"wp:attachment":[{"href":"https:\/\/tropicalespresso.com\/tropicalespresso\/wp-json\/wp\/v2\/media?parent=4222"}],"wp:term":[{"taxonomy":"product_brand","embeddable":true,"href":"https:\/\/tropicalespresso.com\/tropicalespresso\/wp-json\/wp\/v2\/product_brand?post=4222"},{"taxonomy":"product_cat","embeddable":true,"href":"https:\/\/tropicalespresso.com\/tropicalespresso\/wp-json\/wp\/v2\/product_cat?post=4222"},{"taxonomy":"product_tag","embeddable":true,"href":"https:\/\/tropicalespresso.com\/tropicalespresso\/wp-json\/wp\/v2\/product_tag?post=4222"}],"curies":[{"name":"wp","href":"https:\/\/api.w.org\/{rel}","templated":true}]}}