{"id":4283,"date":"2024-10-02T15:54:26","date_gmt":"2024-10-02T15:54:26","guid":{"rendered":"https:\/\/tropicalespresso.com\/tropicalespresso\/?post_type=product&#038;p=4283"},"modified":"2025-10-28T15:07:07","modified_gmt":"2025-10-28T15:07:07","slug":"lata-musical-fantasia","status":"publish","type":"product","link":"https:\/\/tropicalespresso.com\/tropicalespresso\/product\/lata-musical-fantasia\/","title":{"rendered":"LATA MUSICAL FANTASIA"},"content":{"rendered":"<p>Uma lata musical Fantasia, com m\u00fasica de corda na base, em que o centro da lata roda durante a melodia. No interior, uma sele\u00e7\u00e3o dos biscoitos mais apreciados pelas crian\u00e7as e adultos, com variedade de 6 biscoitos distintos, onde podemos encontrar, entre outros, as deliciosas sugar wafers e as lenas embrulhadas em papel prata.<\/p>\n<p>Peso L\u00edquido: 400g<\/p>\n","protected":false},"excerpt":{"rendered":"<p>Uma lata musical Fantasia, com m\u00fasica de corda na base, em que o centro da lata roda durante a melodia. No interior, uma sele\u00e7\u00e3o dos biscoitos mais apreciados pelas crian\u00e7as e adultos, com variedade de 6 biscoitos distintos, onde podemos [&hellip;]<\/p>\n","protected":false},"featured_media":4284,"comment_status":"open","ping_status":"closed","template":"","meta":[],"product_brand":[],"product_cat":[250],"product_tag":[],"class_list":{"0":"post-4283","1":"product","2":"type-product","3":"status-publish","4":"has-post-thumbnail","6":"product_cat-biscoitos","8":"first","9":"instock","10":"taxable","11":"shipping-taxable","12":"purchasable","13":"product-type-simple"},"jetpack_sharing_enabled":true,"_links":{"self":[{"href":"https:\/\/tropicalespresso.com\/tropicalespresso\/wp-json\/wp\/v2\/product\/4283","targetHints":{"allow":["GET"]}}],"collection":[{"href":"https:\/\/tropicalespresso.com\/tropicalespresso\/wp-json\/wp\/v2\/product"}],"about":[{"href":"https:\/\/tropicalespresso.com\/tropicalespresso\/wp-json\/wp\/v2\/types\/product"}],"replies":[{"embeddable":true,"href":"https:\/\/tropicalespresso.com\/tropicalespresso\/wp-json\/wp\/v2\/comments?post=4283"}],"wp:featuredmedia":[{"embeddable":true,"href":"https:\/\/tropicalespresso.com\/tropicalespresso\/wp-json\/wp\/v2\/media\/4284"}],"wp:attachment":[{"href":"https:\/\/tropicalespresso.com\/tropicalespresso\/wp-json\/wp\/v2\/media?parent=4283"}],"wp:term":[{"taxonomy":"product_brand","embeddable":true,"href":"https:\/\/tropicalespresso.com\/tropicalespresso\/wp-json\/wp\/v2\/product_brand?post=4283"},{"taxonomy":"product_cat","embeddable":true,"href":"https:\/\/tropicalespresso.com\/tropicalespresso\/wp-json\/wp\/v2\/product_cat?post=4283"},{"taxonomy":"product_tag","embeddable":true,"href":"https:\/\/tropicalespresso.com\/tropicalespresso\/wp-json\/wp\/v2\/product_tag?post=4283"}],"curies":[{"name":"wp","href":"https:\/\/api.w.org\/{rel}","templated":true}]}}