{"id":4286,"date":"2024-10-02T16:41:39","date_gmt":"2024-10-02T16:41:39","guid":{"rendered":"https:\/\/tropicalespresso.com\/tropicalespresso\/?post_type=product&#038;p=4286"},"modified":"2024-10-22T09:58:12","modified_gmt":"2024-10-22T09:58:12","slug":"marmelada-450-grs","status":"publish","type":"product","link":"https:\/\/tropicalespresso.com\/tropicalespresso\/product\/marmelada-450-grs\/","title":{"rendered":"MARMELADA 450 GRS"},"content":{"rendered":"<p>A Marmelada Paup\u00e9rio \u00e9 produzida atrav\u00e9s de um processo artesanal. Os seus ingredientes s\u00e3o exclusivamente a polpa de marmelo e o a\u00e7\u00facar conferindo ao produto um sabor aut\u00eantico e que traz \u00e0 mem\u00f3ria a marmelada, feita em casa, pelos nossas Av\u00f3s.<\/p>\n<p>Peso L\u00edquido: 450g<\/p>\n","protected":false},"excerpt":{"rendered":"<p>A Marmelada Paup\u00e9rio \u00e9 produzida atrav\u00e9s de um processo artesanal. Os seus ingredientes s\u00e3o exclusivamente a polpa de marmelo e o a\u00e7\u00facar conferindo ao produto um sabor aut\u00eantico e que traz \u00e0 mem\u00f3ria a marmelada, feita em casa, pelos nossas Av\u00f3s.<\/p>\n<p>Peso L\u00edquido: 450g<\/p>\n","protected":false},"featured_media":4388,"comment_status":"open","ping_status":"closed","template":"","meta":[],"product_brand":[],"product_cat":[250],"product_tag":[],"class_list":{"0":"post-4286","1":"product","2":"type-product","3":"status-publish","4":"has-post-thumbnail","6":"product_cat-biscoitos","8":"first","9":"instock","10":"taxable","11":"shipping-taxable","12":"purchasable","13":"product-type-simple"},"jetpack_sharing_enabled":true,"_links":{"self":[{"href":"https:\/\/tropicalespresso.com\/tropicalespresso\/wp-json\/wp\/v2\/product\/4286","targetHints":{"allow":["GET"]}}],"collection":[{"href":"https:\/\/tropicalespresso.com\/tropicalespresso\/wp-json\/wp\/v2\/product"}],"about":[{"href":"https:\/\/tropicalespresso.com\/tropicalespresso\/wp-json\/wp\/v2\/types\/product"}],"replies":[{"embeddable":true,"href":"https:\/\/tropicalespresso.com\/tropicalespresso\/wp-json\/wp\/v2\/comments?post=4286"}],"wp:featuredmedia":[{"embeddable":true,"href":"https:\/\/tropicalespresso.com\/tropicalespresso\/wp-json\/wp\/v2\/media\/4388"}],"wp:attachment":[{"href":"https:\/\/tropicalespresso.com\/tropicalespresso\/wp-json\/wp\/v2\/media?parent=4286"}],"wp:term":[{"taxonomy":"product_brand","embeddable":true,"href":"https:\/\/tropicalespresso.com\/tropicalespresso\/wp-json\/wp\/v2\/product_brand?post=4286"},{"taxonomy":"product_cat","embeddable":true,"href":"https:\/\/tropicalespresso.com\/tropicalespresso\/wp-json\/wp\/v2\/product_cat?post=4286"},{"taxonomy":"product_tag","embeddable":true,"href":"https:\/\/tropicalespresso.com\/tropicalespresso\/wp-json\/wp\/v2\/product_tag?post=4286"}],"curies":[{"name":"wp","href":"https:\/\/api.w.org\/{rel}","templated":true}]}}