{"id":4382,"date":"2024-10-22T09:38:33","date_gmt":"2024-10-22T09:38:33","guid":{"rendered":"https:\/\/tropicalespresso.com\/tropicalespresso\/?post_type=product&#038;p=4382"},"modified":"2024-10-22T10:35:23","modified_gmt":"2024-10-22T10:35:23","slug":"malfeitos-180g-biscoitaria-valonguense","status":"publish","type":"product","link":"https:\/\/tropicalespresso.com\/tropicalespresso\/product\/malfeitos-180g-biscoitaria-valonguense\/","title":{"rendered":"Malfeitos 180g \u2013 Biscoitaria Valonguense"},"content":{"rendered":"","protected":false},"excerpt":{"rendered":"<p>A <strong>Biscoitaria Valonguense<\/strong> produz Malfeitos artesanalmente e cozidos em forno de lenha, <strong>h\u00e1 mais de 100 anos<\/strong>!<\/p>\n<p><strong>Ingredientes<\/strong>: farinha de trigo, a\u00e7\u00facar, ovos, margarina vegetal, leite, azeite, canela, lim\u00e3o, fermento(b.s\u00f3dio), sal. <strong>Cont\u00e9m gl\u00faten, leite e ovos. Pode conter vest\u00edgios de frutos de casca rija.<\/strong><\/p>\n","protected":false},"featured_media":4383,"comment_status":"open","ping_status":"closed","template":"","meta":[],"product_brand":[],"product_cat":[250],"product_tag":[],"class_list":{"0":"post-4382","1":"product","2":"type-product","3":"status-publish","4":"has-post-thumbnail","6":"product_cat-biscoitos","8":"first","9":"instock","10":"taxable","11":"shipping-taxable","12":"purchasable","13":"product-type-simple"},"jetpack_sharing_enabled":true,"_links":{"self":[{"href":"https:\/\/tropicalespresso.com\/tropicalespresso\/wp-json\/wp\/v2\/product\/4382","targetHints":{"allow":["GET"]}}],"collection":[{"href":"https:\/\/tropicalespresso.com\/tropicalespresso\/wp-json\/wp\/v2\/product"}],"about":[{"href":"https:\/\/tropicalespresso.com\/tropicalespresso\/wp-json\/wp\/v2\/types\/product"}],"replies":[{"embeddable":true,"href":"https:\/\/tropicalespresso.com\/tropicalespresso\/wp-json\/wp\/v2\/comments?post=4382"}],"wp:featuredmedia":[{"embeddable":true,"href":"https:\/\/tropicalespresso.com\/tropicalespresso\/wp-json\/wp\/v2\/media\/4383"}],"wp:attachment":[{"href":"https:\/\/tropicalespresso.com\/tropicalespresso\/wp-json\/wp\/v2\/media?parent=4382"}],"wp:term":[{"taxonomy":"product_brand","embeddable":true,"href":"https:\/\/tropicalespresso.com\/tropicalespresso\/wp-json\/wp\/v2\/product_brand?post=4382"},{"taxonomy":"product_cat","embeddable":true,"href":"https:\/\/tropicalespresso.com\/tropicalespresso\/wp-json\/wp\/v2\/product_cat?post=4382"},{"taxonomy":"product_tag","embeddable":true,"href":"https:\/\/tropicalespresso.com\/tropicalespresso\/wp-json\/wp\/v2\/product_tag?post=4382"}],"curies":[{"name":"wp","href":"https:\/\/api.w.org\/{rel}","templated":true}]}}