{"id":4403,"date":"2024-10-22T10:39:53","date_gmt":"2024-10-22T10:39:53","guid":{"rendered":"https:\/\/tropicalespresso.com\/tropicalespresso\/?post_type=product&#038;p=4403"},"modified":"2025-11-20T19:42:21","modified_gmt":"2025-11-20T19:42:21","slug":"biscoitos-de-hortela-chocolate-150g-biscoitaria-valonguense","status":"publish","type":"product","link":"https:\/\/tropicalespresso.com\/tropicalespresso\/product\/biscoitos-de-hortela-chocolate-150g-biscoitaria-valonguense\/","title":{"rendered":"Biscoitos de Hortel\u00e3 Chocolate 150g \u2013 Biscoitaria Valonguense"},"content":{"rendered":"","protected":false},"excerpt":{"rendered":"<div class=\"tab-panels\">\n<div id=\"tab-description\" class=\"woocommerce-Tabs-panel woocommerce-Tabs-panel--description panel entry-content active\" role=\"tabpanel\" aria-labelledby=\"tab-title-description\">\n<p>A <strong>Biscoitaria Valonguense<\/strong> <span class=\"d2edcug0\">produz biscoitos e bolachas artesanalmente, cozidos em forno de lenha, utilizando mat\u00e9rias primas de qualidade que lhes confere sabores e texturas inconfund\u00edveis.<\/span><\/p>\n<p><span class=\"d2edcug0\">Mant\u00e9m desde sempre a tradi\u00e7\u00e3o na forma como produz e seguindo as receitas centen\u00e1rias. O passado bem presente criando doces mem\u00f3rias! <\/span><\/p>\n<p>A <strong>Biscoitaria Valonguense<\/strong> produz Biscoitos de Hortel\u00e3 Chocolate artesanalmente e cozidos em forno de lenha, <strong>h\u00e1 mais de 100 anos<\/strong>!<\/p>\n<p><strong>Ingredientes<\/strong>: Farinha de trigo, a\u00e7\u00facar, ovos, margarina vegetal, leite, fermento (b, am\u00f3nio), chocolate em p\u00f3, cacau, hortel\u00e3 e sal. <strong>Cont\u00e9m gl\u00faten, ovos e leite. Pode conter vest\u00edgios de frutos de casca rija.<\/strong><\/p>\n<\/div>\n<\/div>\n","protected":false},"featured_media":4395,"comment_status":"open","ping_status":"closed","template":"","meta":[],"product_brand":[],"product_cat":[250],"product_tag":[],"class_list":{"0":"post-4403","1":"product","2":"type-product","3":"status-publish","4":"has-post-thumbnail","6":"product_cat-biscoitos","8":"first","9":"outofstock","10":"taxable","11":"shipping-taxable","12":"purchasable","13":"product-type-simple"},"jetpack_sharing_enabled":true,"_links":{"self":[{"href":"https:\/\/tropicalespresso.com\/tropicalespresso\/wp-json\/wp\/v2\/product\/4403","targetHints":{"allow":["GET"]}}],"collection":[{"href":"https:\/\/tropicalespresso.com\/tropicalespresso\/wp-json\/wp\/v2\/product"}],"about":[{"href":"https:\/\/tropicalespresso.com\/tropicalespresso\/wp-json\/wp\/v2\/types\/product"}],"replies":[{"embeddable":true,"href":"https:\/\/tropicalespresso.com\/tropicalespresso\/wp-json\/wp\/v2\/comments?post=4403"}],"wp:featuredmedia":[{"embeddable":true,"href":"https:\/\/tropicalespresso.com\/tropicalespresso\/wp-json\/wp\/v2\/media\/4395"}],"wp:attachment":[{"href":"https:\/\/tropicalespresso.com\/tropicalespresso\/wp-json\/wp\/v2\/media?parent=4403"}],"wp:term":[{"taxonomy":"product_brand","embeddable":true,"href":"https:\/\/tropicalespresso.com\/tropicalespresso\/wp-json\/wp\/v2\/product_brand?post=4403"},{"taxonomy":"product_cat","embeddable":true,"href":"https:\/\/tropicalespresso.com\/tropicalespresso\/wp-json\/wp\/v2\/product_cat?post=4403"},{"taxonomy":"product_tag","embeddable":true,"href":"https:\/\/tropicalespresso.com\/tropicalespresso\/wp-json\/wp\/v2\/product_tag?post=4403"}],"curies":[{"name":"wp","href":"https:\/\/api.w.org\/{rel}","templated":true}]}}