{"id":4417,"date":"2024-10-22T12:05:08","date_gmt":"2024-10-22T12:05:08","guid":{"rendered":"https:\/\/tropicalespresso.com\/tropicalespresso\/?post_type=product&#038;p=4417"},"modified":"2025-11-20T17:59:09","modified_gmt":"2025-11-20T17:59:09","slug":"sonhos-de-mulher","status":"publish","type":"product","link":"https:\/\/tropicalespresso.com\/tropicalespresso\/product\/sonhos-de-mulher\/","title":{"rendered":"Sonhos de Mulher"},"content":{"rendered":"","protected":false},"excerpt":{"rendered":"<p>Infus\u00e3o de frutas, flores e plantas.<\/p>\n<p class=\"tw-data-text tw-text-large tw-ta\" dir=\"ltr\" data-placeholder=\"Tradu\u00e7\u00e3o\" data-ved=\"2ahUKEwje2uqf-6GJAxUadqQEHRLHAbQQ3ewLegQIExAT\" aria-label=\"Texto traduzido: peda\u00e7os de ma\u00e7\u00e3*, flores de hibisco*, cascas de rosa mosqueta*, peda\u00e7os de abacaxi* (3%), sabor natural de frutos silvestres, peda\u00e7os de manga* (2%), flores de cal\u00eandula*, p\u00e9talas de rosa*, aroma natural de coco, laranja natural- aromatizante, flores de cent\u00e1urea*. *De cultivo org\u00e2nico.\"><span class=\"Y2IQFc\" lang=\"pt\">Ingredientes: peda\u00e7os de ma\u00e7\u00e3, flores de hibisco, cascas de rosa mosqueta, peda\u00e7os de abacaxi (3%), sabor natural de frutos silvestres, peda\u00e7os de manga (2%), flores de cal\u00eandula, p\u00e9talas de rosa, aroma natural de coco, laranja natural- aromatizante, flores de cent\u00e1urea.<br \/>\n<\/span><\/p>\n<p class=\"tw-data-text tw-text-large tw-ta\" dir=\"ltr\" data-placeholder=\"Tradu\u00e7\u00e3o\" data-ved=\"2ahUKEwje2uqf-6GJAxUadqQEHRLHAbQQ3ewLegQIExAT\" aria-label=\"Texto traduzido: peda\u00e7os de ma\u00e7\u00e3*, flores de hibisco*, cascas de rosa mosqueta*, peda\u00e7os de abacaxi* (3%), sabor natural de frutos silvestres, peda\u00e7os de manga* (2%), flores de cal\u00eandula*, p\u00e9talas de rosa*, aroma natural de coco, laranja natural- aromatizante, flores de cent\u00e1urea*. *De cultivo org\u00e2nico.\"><span class=\"Y2IQFc\" lang=\"pt\">De cultivo org\u00e2nico.<\/span><\/p>\n<p>&nbsp;<\/p>\n<p>M\u00e9todo de prepara\u00e7\u00e3o: Infus\u00e3o 100 \u00baC durante 5- 6 min<\/p>\n<p>Peso:50gr<\/p>\n<pre id=\"tw-target-text\" class=\"tw-data-text tw-text-large tw-ta\" dir=\"ltr\" data-placeholder=\"Tradu\u00e7\u00e3o\" data-ved=\"2ahUKEwje2uqf-6GJAxUadqQEHRLHAbQQ3ewLegQIExAT\" aria-label=\"Texto traduzido: peda\u00e7os de ma\u00e7\u00e3*, flores de hibisco*, cascas de rosa mosqueta*, peda\u00e7os de abacaxi* (3%), sabor natural de frutos silvestres, peda\u00e7os de manga* (2%), flores de cal\u00eandula*, p\u00e9talas de rosa*, aroma natural de coco, laranja natural- aromatizante, flores de cent\u00e1urea*. *De cultivo org\u00e2nico.\"><span class=\"Y2IQFc\" lang=\"pt\">\u00a0<\/span><\/pre>\n","protected":false},"featured_media":4418,"comment_status":"open","ping_status":"closed","template":"","meta":[],"product_brand":[],"product_cat":[257],"product_tag":[],"class_list":{"0":"post-4417","1":"product","2":"type-product","3":"status-publish","4":"has-post-thumbnail","6":"product_cat-chas-e-infusoes","8":"first","9":"outofstock","10":"taxable","11":"shipping-taxable","12":"purchasable","13":"product-type-simple"},"jetpack_sharing_enabled":true,"_links":{"self":[{"href":"https:\/\/tropicalespresso.com\/tropicalespresso\/wp-json\/wp\/v2\/product\/4417","targetHints":{"allow":["GET"]}}],"collection":[{"href":"https:\/\/tropicalespresso.com\/tropicalespresso\/wp-json\/wp\/v2\/product"}],"about":[{"href":"https:\/\/tropicalespresso.com\/tropicalespresso\/wp-json\/wp\/v2\/types\/product"}],"replies":[{"embeddable":true,"href":"https:\/\/tropicalespresso.com\/tropicalespresso\/wp-json\/wp\/v2\/comments?post=4417"}],"wp:featuredmedia":[{"embeddable":true,"href":"https:\/\/tropicalespresso.com\/tropicalespresso\/wp-json\/wp\/v2\/media\/4418"}],"wp:attachment":[{"href":"https:\/\/tropicalespresso.com\/tropicalespresso\/wp-json\/wp\/v2\/media?parent=4417"}],"wp:term":[{"taxonomy":"product_brand","embeddable":true,"href":"https:\/\/tropicalespresso.com\/tropicalespresso\/wp-json\/wp\/v2\/product_brand?post=4417"},{"taxonomy":"product_cat","embeddable":true,"href":"https:\/\/tropicalespresso.com\/tropicalespresso\/wp-json\/wp\/v2\/product_cat?post=4417"},{"taxonomy":"product_tag","embeddable":true,"href":"https:\/\/tropicalespresso.com\/tropicalespresso\/wp-json\/wp\/v2\/product_tag?post=4417"}],"curies":[{"name":"wp","href":"https:\/\/api.w.org\/{rel}","templated":true}]}}