{"id":4420,"date":"2024-10-22T13:34:56","date_gmt":"2024-10-22T13:34:56","guid":{"rendered":"https:\/\/tropicalespresso.com\/tropicalespresso\/?post_type=product&#038;p=4420"},"modified":"2025-11-20T17:58:26","modified_gmt":"2025-11-20T17:58:26","slug":"cha-natural-de-rooibos","status":"publish","type":"product","link":"https:\/\/tropicalespresso.com\/tropicalespresso\/product\/cha-natural-de-rooibos\/","title":{"rendered":"Ch\u00e1 de Rooibos"},"content":{"rendered":"","protected":false},"excerpt":{"rendered":"<p class=\"tw-data-text tw-text-large tw-ta\" dir=\"ltr\" data-placeholder=\"Tradu\u00e7\u00e3o\" data-ved=\"2ahUKEwje2uqf-6GJAxUadqQEHRLHAbQQ3ewLegQIExAT\" aria-label=\"Texto traduzido: Infus\u00e3o de ervas africanas sem cafe\u00edna. Infus\u00e3o suave e arom\u00e1tica\"><span class=\"Y2IQFc\" lang=\"pt\">Infus\u00e3o de ervas africanas sem cafe\u00edna. Infus\u00e3o suave e arom\u00e1tica<\/span>. Ch\u00e1 de Rooibos<\/p>\n<p>M\u00e9todo de prepara\u00e7\u00e3o: Infus\u00e3o 95 \u00baC durante 5- 6 min<\/p>\n<p>Peso:50gr<\/p>\n<pre id=\"tw-target-text\" class=\"tw-data-text tw-text-large tw-ta\" dir=\"ltr\" data-placeholder=\"Tradu\u00e7\u00e3o\" data-ved=\"2ahUKEwje2uqf-6GJAxUadqQEHRLHAbQQ3ewLegQIExAT\" aria-label=\"Texto traduzido: Infus\u00e3o de ervas africanas sem cafe\u00edna. Infus\u00e3o suave e arom\u00e1tica\">\r\n<\/pre>\n","protected":false},"featured_media":4422,"comment_status":"open","ping_status":"closed","template":"","meta":[],"product_brand":[],"product_cat":[257],"product_tag":[],"class_list":{"0":"post-4420","1":"product","2":"type-product","3":"status-publish","4":"has-post-thumbnail","6":"product_cat-chas-e-infusoes","8":"first","9":"outofstock","10":"taxable","11":"shipping-taxable","12":"purchasable","13":"product-type-simple"},"jetpack_sharing_enabled":true,"_links":{"self":[{"href":"https:\/\/tropicalespresso.com\/tropicalespresso\/wp-json\/wp\/v2\/product\/4420","targetHints":{"allow":["GET"]}}],"collection":[{"href":"https:\/\/tropicalespresso.com\/tropicalespresso\/wp-json\/wp\/v2\/product"}],"about":[{"href":"https:\/\/tropicalespresso.com\/tropicalespresso\/wp-json\/wp\/v2\/types\/product"}],"replies":[{"embeddable":true,"href":"https:\/\/tropicalespresso.com\/tropicalespresso\/wp-json\/wp\/v2\/comments?post=4420"}],"wp:featuredmedia":[{"embeddable":true,"href":"https:\/\/tropicalespresso.com\/tropicalespresso\/wp-json\/wp\/v2\/media\/4422"}],"wp:attachment":[{"href":"https:\/\/tropicalespresso.com\/tropicalespresso\/wp-json\/wp\/v2\/media?parent=4420"}],"wp:term":[{"taxonomy":"product_brand","embeddable":true,"href":"https:\/\/tropicalespresso.com\/tropicalespresso\/wp-json\/wp\/v2\/product_brand?post=4420"},{"taxonomy":"product_cat","embeddable":true,"href":"https:\/\/tropicalespresso.com\/tropicalespresso\/wp-json\/wp\/v2\/product_cat?post=4420"},{"taxonomy":"product_tag","embeddable":true,"href":"https:\/\/tropicalespresso.com\/tropicalespresso\/wp-json\/wp\/v2\/product_tag?post=4420"}],"curies":[{"name":"wp","href":"https:\/\/api.w.org\/{rel}","templated":true}]}}