{"id":4423,"date":"2024-10-22T13:37:39","date_gmt":"2024-10-22T13:37:39","guid":{"rendered":"https:\/\/tropicalespresso.com\/tropicalespresso\/?post_type=product&#038;p=4423"},"modified":"2025-11-20T17:57:17","modified_gmt":"2025-11-20T17:57:17","slug":"cha-natural-de-flores-de-hibiscos","status":"publish","type":"product","link":"https:\/\/tropicalespresso.com\/tropicalespresso\/product\/cha-natural-de-flores-de-hibiscos\/","title":{"rendered":"Flores de Hibisco"},"content":{"rendered":"","protected":false},"excerpt":{"rendered":"<p>FLORES DE HIBISCOS<\/p>\n<p>M\u00e9todo de prepara\u00e7\u00e3o: Infus\u00e3o 95 \u00baC durante 5- 6 min<\/p>\n<p>Peso:50gr<\/p>\n","protected":false},"featured_media":4421,"comment_status":"open","ping_status":"closed","template":"","meta":[],"product_brand":[],"product_cat":[257],"product_tag":[],"class_list":{"0":"post-4423","1":"product","2":"type-product","3":"status-publish","4":"has-post-thumbnail","6":"product_cat-chas-e-infusoes","8":"first","9":"outofstock","10":"taxable","11":"shipping-taxable","12":"purchasable","13":"product-type-simple"},"jetpack_sharing_enabled":true,"_links":{"self":[{"href":"https:\/\/tropicalespresso.com\/tropicalespresso\/wp-json\/wp\/v2\/product\/4423","targetHints":{"allow":["GET"]}}],"collection":[{"href":"https:\/\/tropicalespresso.com\/tropicalespresso\/wp-json\/wp\/v2\/product"}],"about":[{"href":"https:\/\/tropicalespresso.com\/tropicalespresso\/wp-json\/wp\/v2\/types\/product"}],"replies":[{"embeddable":true,"href":"https:\/\/tropicalespresso.com\/tropicalespresso\/wp-json\/wp\/v2\/comments?post=4423"}],"wp:featuredmedia":[{"embeddable":true,"href":"https:\/\/tropicalespresso.com\/tropicalespresso\/wp-json\/wp\/v2\/media\/4421"}],"wp:attachment":[{"href":"https:\/\/tropicalespresso.com\/tropicalespresso\/wp-json\/wp\/v2\/media?parent=4423"}],"wp:term":[{"taxonomy":"product_brand","embeddable":true,"href":"https:\/\/tropicalespresso.com\/tropicalespresso\/wp-json\/wp\/v2\/product_brand?post=4423"},{"taxonomy":"product_cat","embeddable":true,"href":"https:\/\/tropicalespresso.com\/tropicalespresso\/wp-json\/wp\/v2\/product_cat?post=4423"},{"taxonomy":"product_tag","embeddable":true,"href":"https:\/\/tropicalespresso.com\/tropicalespresso\/wp-json\/wp\/v2\/product_tag?post=4423"}],"curies":[{"name":"wp","href":"https:\/\/api.w.org\/{rel}","templated":true}]}}