{"id":4424,"date":"2024-10-22T13:45:56","date_gmt":"2024-10-22T13:45:56","guid":{"rendered":"https:\/\/tropicalespresso.com\/tropicalespresso\/?post_type=product&#038;p=4424"},"modified":"2024-10-22T14:01:45","modified_gmt":"2024-10-22T14:01:45","slug":"infusao-de-frutas-e-creme-de-morango","status":"publish","type":"product","link":"https:\/\/tropicalespresso.com\/tropicalespresso\/product\/infusao-de-frutas-e-creme-de-morango\/","title":{"rendered":"Infus\u00e3o de Frutas e Creme de Morango"},"content":{"rendered":"","protected":false},"excerpt":{"rendered":"<p>&nbsp;<\/p>\n<pre class=\"tw-data-text tw-text-large tw-ta\" dir=\"ltr\" data-placeholder=\"Tradu\u00e7\u00e3o\" data-ved=\"2ahUKEwje2uqf-6GJAxUadqQEHRLHAbQQ3ewLegQIExAT\" aria-label=\"Texto traduzido: peda\u00e7os de ma\u00e7\u00e3, flores de hibisco, cascas de laranja, cascas de rosa mosqueta, aromatizantes, peda\u00e7os de morango\"><span class=\"Y2IQFc\" lang=\"pt\">Infus\u00e3o de frutas e flores.\r\nIngredientes: peda\u00e7os de ma\u00e7\u00e3, flores de hibisco, cascas de laranja, cascas de rosa mosqueta, aromatizantes, peda\u00e7os de morango.\r\n\r\n<\/span><\/pre>\n<p>M\u00e9todo de prepara\u00e7\u00e3o: Infus\u00e3o 95 \u00baC durante 5- 6 min<\/p>\n<p>Peso:50gr<\/p>\n<pre id=\"tw-target-text\" class=\"tw-data-text tw-text-large tw-ta\" dir=\"ltr\" data-placeholder=\"Tradu\u00e7\u00e3o\" data-ved=\"2ahUKEwje2uqf-6GJAxUadqQEHRLHAbQQ3ewLegQIExAT\" aria-label=\"Texto traduzido: peda\u00e7os de ma\u00e7\u00e3, flores de hibisco, cascas de laranja, cascas de rosa mosqueta, aromatizantes, peda\u00e7os de morango\"><span class=\"Y2IQFc\" lang=\"pt\">\u00a0<\/span><\/pre>\n","protected":false},"featured_media":4425,"comment_status":"open","ping_status":"closed","template":"","meta":[],"product_brand":[],"product_cat":[257],"product_tag":[],"class_list":{"0":"post-4424","1":"product","2":"type-product","3":"status-publish","4":"has-post-thumbnail","6":"product_cat-chas-e-infusoes","8":"first","9":"instock","10":"taxable","11":"shipping-taxable","12":"purchasable","13":"product-type-simple"},"jetpack_sharing_enabled":true,"_links":{"self":[{"href":"https:\/\/tropicalespresso.com\/tropicalespresso\/wp-json\/wp\/v2\/product\/4424","targetHints":{"allow":["GET"]}}],"collection":[{"href":"https:\/\/tropicalespresso.com\/tropicalespresso\/wp-json\/wp\/v2\/product"}],"about":[{"href":"https:\/\/tropicalespresso.com\/tropicalespresso\/wp-json\/wp\/v2\/types\/product"}],"replies":[{"embeddable":true,"href":"https:\/\/tropicalespresso.com\/tropicalespresso\/wp-json\/wp\/v2\/comments?post=4424"}],"wp:featuredmedia":[{"embeddable":true,"href":"https:\/\/tropicalespresso.com\/tropicalespresso\/wp-json\/wp\/v2\/media\/4425"}],"wp:attachment":[{"href":"https:\/\/tropicalespresso.com\/tropicalespresso\/wp-json\/wp\/v2\/media?parent=4424"}],"wp:term":[{"taxonomy":"product_brand","embeddable":true,"href":"https:\/\/tropicalespresso.com\/tropicalespresso\/wp-json\/wp\/v2\/product_brand?post=4424"},{"taxonomy":"product_cat","embeddable":true,"href":"https:\/\/tropicalespresso.com\/tropicalespresso\/wp-json\/wp\/v2\/product_cat?post=4424"},{"taxonomy":"product_tag","embeddable":true,"href":"https:\/\/tropicalespresso.com\/tropicalespresso\/wp-json\/wp\/v2\/product_tag?post=4424"}],"curies":[{"name":"wp","href":"https:\/\/api.w.org\/{rel}","templated":true}]}}