{"id":4428,"date":"2024-10-22T14:00:36","date_gmt":"2024-10-22T14:00:36","guid":{"rendered":"https:\/\/tropicalespresso.com\/tropicalespresso\/?post_type=product&#038;p=4428"},"modified":"2025-11-20T17:56:25","modified_gmt":"2025-11-20T17:56:25","slug":"infusao-chocolate-laranja","status":"publish","type":"product","link":"https:\/\/tropicalespresso.com\/tropicalespresso\/product\/infusao-chocolate-laranja\/","title":{"rendered":"INFUS\u00c3O CHOCOLATE LARANJA"},"content":{"rendered":"","protected":false},"excerpt":{"rendered":"<p dir=\"ltr\" data-placeholder=\"Tradu\u00e7\u00e3o\" data-ved=\"2ahUKEwje2uqf-6GJAxUadqQEHRLHAbQQ3ewLegQIExAT\" aria-label=\"Texto traduzido: Infus\u00e3o de ervas com chocolate e laranja casca de cacau (35%), peda\u00e7os de ma\u00e7\u00e3, casca de laranja (10%), peda\u00e7os de gr\u00e3os de cacau (10%), capim-lim\u00e3o, casca de rosa mosqueta, aroma, flores de girassol, flores de laranjeira, folhas de amora, acidificante: \u00e1cido tart\u00e1rico. Geschmack laranja-cacau\">Infus\u00e3o de ervas com chocolate e Laranja<\/p>\n<p id=\"tw-target-text\" class=\"tw-data-text tw-text-large tw-ta\" dir=\"ltr\" data-placeholder=\"Tradu\u00e7\u00e3o\" data-ved=\"2ahUKEwje2uqf-6GJAxUadqQEHRLHAbQQ3ewLegQIExAT\" aria-label=\"Texto traduzido: Infus\u00e3o de ervas com chocolate e laranja casca de cacau (35%), peda\u00e7os de ma\u00e7\u00e3, casca de laranja (10%), peda\u00e7os de gr\u00e3os de cacau (10%), capim-lim\u00e3o, casca de rosa mosqueta, aroma, flores de girassol, flores de laranjeira, folhas de amora, acidificante: \u00e1cido tart\u00e1rico. Geschmack laranja-cacau\"><span class=\"Y2IQFc\" lang=\"pt\">Ingredientes:casca de cacau (35%), peda\u00e7os de ma\u00e7\u00e3, casca de laranja (10%), peda\u00e7os de gr\u00e3os de cacau (10%), capim-lim\u00e3o, casca de rosa mosqueta, aroma, flores de girassol, flores de laranjeira, folhas de amora, acidificante: \u00e1cido tart\u00e1rico.<\/span><\/p>\n<p>M\u00e9todo de prepara\u00e7\u00e3o: Infus\u00e3o 100 \u00baC durante 4 a 5 min.<\/p>\n<p>Peso:50gr<\/p>\n<p><a href=\"https:\/\/tropicalespresso.com\/tropicalespresso\/wp-content\/uploads\/2024\/10\/FT-CHOCOLATE-LARANJA-pt.pdf\"><em>Ficha T\u00e9cnica<\/em><\/a><\/p>\n","protected":false},"featured_media":4429,"comment_status":"open","ping_status":"closed","template":"","meta":[],"product_brand":[],"product_cat":[257],"product_tag":[],"class_list":{"0":"post-4428","1":"product","2":"type-product","3":"status-publish","4":"has-post-thumbnail","6":"product_cat-chas-e-infusoes","8":"first","9":"outofstock","10":"taxable","11":"shipping-taxable","12":"purchasable","13":"product-type-simple"},"jetpack_sharing_enabled":true,"_links":{"self":[{"href":"https:\/\/tropicalespresso.com\/tropicalespresso\/wp-json\/wp\/v2\/product\/4428","targetHints":{"allow":["GET"]}}],"collection":[{"href":"https:\/\/tropicalespresso.com\/tropicalespresso\/wp-json\/wp\/v2\/product"}],"about":[{"href":"https:\/\/tropicalespresso.com\/tropicalespresso\/wp-json\/wp\/v2\/types\/product"}],"replies":[{"embeddable":true,"href":"https:\/\/tropicalespresso.com\/tropicalespresso\/wp-json\/wp\/v2\/comments?post=4428"}],"wp:featuredmedia":[{"embeddable":true,"href":"https:\/\/tropicalespresso.com\/tropicalespresso\/wp-json\/wp\/v2\/media\/4429"}],"wp:attachment":[{"href":"https:\/\/tropicalespresso.com\/tropicalespresso\/wp-json\/wp\/v2\/media?parent=4428"}],"wp:term":[{"taxonomy":"product_brand","embeddable":true,"href":"https:\/\/tropicalespresso.com\/tropicalespresso\/wp-json\/wp\/v2\/product_brand?post=4428"},{"taxonomy":"product_cat","embeddable":true,"href":"https:\/\/tropicalespresso.com\/tropicalespresso\/wp-json\/wp\/v2\/product_cat?post=4428"},{"taxonomy":"product_tag","embeddable":true,"href":"https:\/\/tropicalespresso.com\/tropicalespresso\/wp-json\/wp\/v2\/product_tag?post=4428"}],"curies":[{"name":"wp","href":"https:\/\/api.w.org\/{rel}","templated":true}]}}