{"id":4446,"date":"2024-10-24T08:38:00","date_gmt":"2024-10-24T08:38:00","guid":{"rendered":"https:\/\/tropicalespresso.com\/tropicalespresso\/?post_type=product&#038;p=4446"},"modified":"2024-10-24T08:38:00","modified_gmt":"2024-10-24T08:38:00","slug":"quinta-do-estanho-porto-tawny-50-anos-75cl","status":"publish","type":"product","link":"https:\/\/tropicalespresso.com\/tropicalespresso\/product\/quinta-do-estanho-porto-tawny-50-anos-75cl\/","title":{"rendered":"QUINTA DO ESTANHO PORTO TAWNY 50 ANOS 75CL"},"content":{"rendered":"","protected":false},"excerpt":{"rendered":"<p>    REGI\u00c3O : Douro<br \/>\n    TIPO : Tawny<br \/>\n    UNIDADE MEDIDA : 75cl<br \/>\n    ANO :<br \/>\n    TEOR ALCO\u00d3LICO : 19.5%<br \/>\n    PRODUTOR : Quinta do Estanho<br \/>\n    EN\u00d3LOGO : Lu\u00eds Leoc\u00e1dio<br \/>\n    CASTAS : Touriga Nacional, Tinta Roriz e Touriga Franca, Tinta Barroca e Sous\u00e3o<\/p>\n","protected":false},"featured_media":4447,"comment_status":"open","ping_status":"closed","template":"","meta":[],"product_brand":[],"product_cat":[308],"product_tag":[],"class_list":{"0":"post-4446","1":"product","2":"type-product","3":"status-publish","4":"has-post-thumbnail","6":"product_cat-vinhosdoporto","8":"first","9":"instock","10":"taxable","11":"shipping-taxable","12":"purchasable","13":"product-type-simple"},"jetpack_sharing_enabled":true,"_links":{"self":[{"href":"https:\/\/tropicalespresso.com\/tropicalespresso\/wp-json\/wp\/v2\/product\/4446","targetHints":{"allow":["GET"]}}],"collection":[{"href":"https:\/\/tropicalespresso.com\/tropicalespresso\/wp-json\/wp\/v2\/product"}],"about":[{"href":"https:\/\/tropicalespresso.com\/tropicalespresso\/wp-json\/wp\/v2\/types\/product"}],"replies":[{"embeddable":true,"href":"https:\/\/tropicalespresso.com\/tropicalespresso\/wp-json\/wp\/v2\/comments?post=4446"}],"wp:featuredmedia":[{"embeddable":true,"href":"https:\/\/tropicalespresso.com\/tropicalespresso\/wp-json\/wp\/v2\/media\/4447"}],"wp:attachment":[{"href":"https:\/\/tropicalespresso.com\/tropicalespresso\/wp-json\/wp\/v2\/media?parent=4446"}],"wp:term":[{"taxonomy":"product_brand","embeddable":true,"href":"https:\/\/tropicalespresso.com\/tropicalespresso\/wp-json\/wp\/v2\/product_brand?post=4446"},{"taxonomy":"product_cat","embeddable":true,"href":"https:\/\/tropicalespresso.com\/tropicalespresso\/wp-json\/wp\/v2\/product_cat?post=4446"},{"taxonomy":"product_tag","embeddable":true,"href":"https:\/\/tropicalespresso.com\/tropicalespresso\/wp-json\/wp\/v2\/product_tag?post=4446"}],"curies":[{"name":"wp","href":"https:\/\/api.w.org\/{rel}","templated":true}]}}