{"id":4495,"date":"2024-12-03T13:53:06","date_gmt":"2024-12-03T13:53:06","guid":{"rendered":"https:\/\/tropicalespresso.com\/tropicalespresso\/?post_type=product&#038;p=4495"},"modified":"2025-12-04T18:06:40","modified_gmt":"2025-12-04T18:06:40","slug":"licor-de-cafe-natal-200ml","status":"publish","type":"product","link":"https:\/\/tropicalespresso.com\/tropicalespresso\/product\/licor-de-cafe-natal-200ml\/","title":{"rendered":"LICOR DE CAF\u00c9 NATAL 200ml"},"content":{"rendered":"<div class=\"page\" title=\"Page 11\">\n<div class=\"layoutArea\">\n<div class=\"column\">\n<p>Um licor de caf\u00e9 ar\u00e1bica, de sabor requintado e jovem, com notas do melhor Caf\u00e9.<br \/>\nA garrafa com uma imagem natal\u00edcia encantadora, que traz sofistica\u00e7\u00e3o e esp\u00edrito festivo, tornando-se num presente ideal para esta \u00e9poca.<br \/>\nDeve degustar-se fresco ou com gelo.<\/p>\n<p><strong>Capacidade:<\/strong> 20cl<br \/>\n<strong>Teor de \u00c1lcool (%):\u00a0<\/strong>20<strong><br \/>\n<\/strong><strong>Produtor:<\/strong>\u00a0Xar\u00e3o<br \/>\n<strong>Pa\u00eds:<\/strong>\u00a0Portugal<\/p>\n<p>&nbsp;<\/p>\n<\/div>\n<\/div>\n<\/div>\n","protected":false},"excerpt":{"rendered":"<p>Um licor de caf\u00e9 ar\u00e1bica, de sabor requintado e jovem, com notas do melhor Caf\u00e9. A garrafa com uma imagem natal\u00edcia encantadora, que traz sofistica\u00e7\u00e3o e esp\u00edrito festivo, tornando-se num presente ideal para esta \u00e9poca. Deve degustar-se fresco ou com [&hellip;]<\/p>\n","protected":false},"featured_media":4492,"comment_status":"open","ping_status":"closed","template":"","meta":[],"product_brand":[],"product_cat":[255,254,246],"product_tag":[197,201,202,198,199],"class_list":{"0":"post-4495","1":"product","2":"type-product","3":"status-publish","4":"has-post-thumbnail","6":"product_cat-bebidas","7":"product_cat-cafes","8":"product_cat-licores","9":"product_tag-bebidas","10":"product_tag-cabaz","11":"product_tag-cafe","12":"product_tag-licor","13":"product_tag-licores","15":"first","16":"instock","17":"featured","18":"taxable","19":"shipping-taxable","20":"purchasable","21":"product-type-simple"},"jetpack_sharing_enabled":true,"_links":{"self":[{"href":"https:\/\/tropicalespresso.com\/tropicalespresso\/wp-json\/wp\/v2\/product\/4495","targetHints":{"allow":["GET"]}}],"collection":[{"href":"https:\/\/tropicalespresso.com\/tropicalespresso\/wp-json\/wp\/v2\/product"}],"about":[{"href":"https:\/\/tropicalespresso.com\/tropicalespresso\/wp-json\/wp\/v2\/types\/product"}],"replies":[{"embeddable":true,"href":"https:\/\/tropicalespresso.com\/tropicalespresso\/wp-json\/wp\/v2\/comments?post=4495"}],"wp:featuredmedia":[{"embeddable":true,"href":"https:\/\/tropicalespresso.com\/tropicalespresso\/wp-json\/wp\/v2\/media\/4492"}],"wp:attachment":[{"href":"https:\/\/tropicalespresso.com\/tropicalespresso\/wp-json\/wp\/v2\/media?parent=4495"}],"wp:term":[{"taxonomy":"product_brand","embeddable":true,"href":"https:\/\/tropicalespresso.com\/tropicalespresso\/wp-json\/wp\/v2\/product_brand?post=4495"},{"taxonomy":"product_cat","embeddable":true,"href":"https:\/\/tropicalespresso.com\/tropicalespresso\/wp-json\/wp\/v2\/product_cat?post=4495"},{"taxonomy":"product_tag","embeddable":true,"href":"https:\/\/tropicalespresso.com\/tropicalespresso\/wp-json\/wp\/v2\/product_tag?post=4495"}],"curies":[{"name":"wp","href":"https:\/\/api.w.org\/{rel}","templated":true}]}}