{"id":4533,"date":"2025-11-20T18:41:12","date_gmt":"2025-11-20T18:41:12","guid":{"rendered":"https:\/\/tropicalespresso.com\/tropicalespresso\/?post_type=product&#038;p=4533"},"modified":"2025-11-20T18:50:32","modified_gmt":"2025-11-20T18:50:32","slug":"sortido-fino-900g","status":"publish","type":"product","link":"https:\/\/tropicalespresso.com\/tropicalespresso\/product\/sortido-fino-900g\/","title":{"rendered":"SORTIDO FINO 900g &#8211; PAUP\u00c9RIO"},"content":{"rendered":"<p>O tradicional sortido da Paup\u00e9rio embalado numa bonita caixa de design vintage. Possui no seu interior 2 tabuleiros com 10 variedades de biscoitos, com sabores e texturas distintas, capazes de satisfazer todos os gostos.<\/p>\n<p>Peso L\u00edquido: 900g<br \/>\nValidade: 12 meses ap\u00f3s produ\u00e7\u00e3o<br \/>\nEAN: 5601141100908<br \/>\nDimens\u00e3o: 23,5\u00d723,5\u00d74,5 cm<\/p>\n","protected":false},"excerpt":{"rendered":"<p>O tradicional sortido da Paup\u00e9rio embalado numa bonita caixa de design vintage. Possui no seu interior 2 tabuleiros com 10 variedades de biscoitos, com sabores e texturas distintas, capazes de satisfazer todos os gostos. Peso L\u00edquido: 900g Validade: 12 meses [&hellip;]<\/p>\n","protected":false},"featured_media":4534,"comment_status":"open","ping_status":"closed","template":"","meta":[],"product_brand":[],"product_cat":[250],"product_tag":[236],"class_list":{"0":"post-4533","1":"product","2":"type-product","3":"status-publish","4":"has-post-thumbnail","6":"product_cat-biscoitos","7":"product_tag-pauperio","9":"first","10":"instock","11":"taxable","12":"shipping-taxable","13":"purchasable","14":"product-type-simple"},"jetpack_sharing_enabled":true,"_links":{"self":[{"href":"https:\/\/tropicalespresso.com\/tropicalespresso\/wp-json\/wp\/v2\/product\/4533","targetHints":{"allow":["GET"]}}],"collection":[{"href":"https:\/\/tropicalespresso.com\/tropicalespresso\/wp-json\/wp\/v2\/product"}],"about":[{"href":"https:\/\/tropicalespresso.com\/tropicalespresso\/wp-json\/wp\/v2\/types\/product"}],"replies":[{"embeddable":true,"href":"https:\/\/tropicalespresso.com\/tropicalespresso\/wp-json\/wp\/v2\/comments?post=4533"}],"wp:featuredmedia":[{"embeddable":true,"href":"https:\/\/tropicalespresso.com\/tropicalespresso\/wp-json\/wp\/v2\/media\/4534"}],"wp:attachment":[{"href":"https:\/\/tropicalespresso.com\/tropicalespresso\/wp-json\/wp\/v2\/media?parent=4533"}],"wp:term":[{"taxonomy":"product_brand","embeddable":true,"href":"https:\/\/tropicalespresso.com\/tropicalespresso\/wp-json\/wp\/v2\/product_brand?post=4533"},{"taxonomy":"product_cat","embeddable":true,"href":"https:\/\/tropicalespresso.com\/tropicalespresso\/wp-json\/wp\/v2\/product_cat?post=4533"},{"taxonomy":"product_tag","embeddable":true,"href":"https:\/\/tropicalespresso.com\/tropicalespresso\/wp-json\/wp\/v2\/product_tag?post=4533"}],"curies":[{"name":"wp","href":"https:\/\/api.w.org\/{rel}","templated":true}]}}