{"id":4539,"date":"2025-11-20T18:49:24","date_gmt":"2025-11-20T18:49:24","guid":{"rendered":"https:\/\/tropicalespresso.com\/tropicalespresso\/?post_type=product&#038;p=4539"},"modified":"2025-11-20T18:50:22","modified_gmt":"2025-11-20T18:50:22","slug":"sortido-fino-450g-pauperio","status":"publish","type":"product","link":"https:\/\/tropicalespresso.com\/tropicalespresso\/product\/sortido-fino-450g-pauperio\/","title":{"rendered":"SORTIDO FINO 450g &#8211; PAUP\u00c9RIO"},"content":{"rendered":"<p>O tradicional sortido da Paup\u00e9rio embalado numa bonita caixa de design vintage. Possui no seu interior um tabuleiro com 10 variedades de biscoitos, com sabores e texturas distintas, capazes de satisfazer todos os gostos.<\/p>\n<p>Peso L\u00edquido: 450g<br \/>\nValidade: 12 meses ap\u00f3s produ\u00e7\u00e3o<br \/>\nEAN: 5601141450904<br \/>\nDimens\u00e3o: 23,5\u00d723,5\u00d74,5 cm<\/p>\n","protected":false},"excerpt":{"rendered":"<p>O tradicional sortido da Paup\u00e9rio embalado numa bonita caixa de design vintage. Possui no seu interior um tabuleiro com 10 variedades de biscoitos, com sabores e texturas distintas, capazes de satisfazer todos os gostos. Peso L\u00edquido: 450g Validade: 12 meses [&hellip;]<\/p>\n","protected":false},"featured_media":4540,"comment_status":"open","ping_status":"closed","template":"","meta":[],"product_brand":[],"product_cat":[250],"product_tag":[],"class_list":{"0":"post-4539","1":"product","2":"type-product","3":"status-publish","4":"has-post-thumbnail","6":"product_cat-biscoitos","8":"first","9":"instock","10":"taxable","11":"shipping-taxable","12":"purchasable","13":"product-type-simple"},"jetpack_sharing_enabled":true,"_links":{"self":[{"href":"https:\/\/tropicalespresso.com\/tropicalespresso\/wp-json\/wp\/v2\/product\/4539","targetHints":{"allow":["GET"]}}],"collection":[{"href":"https:\/\/tropicalespresso.com\/tropicalespresso\/wp-json\/wp\/v2\/product"}],"about":[{"href":"https:\/\/tropicalespresso.com\/tropicalespresso\/wp-json\/wp\/v2\/types\/product"}],"replies":[{"embeddable":true,"href":"https:\/\/tropicalespresso.com\/tropicalespresso\/wp-json\/wp\/v2\/comments?post=4539"}],"wp:featuredmedia":[{"embeddable":true,"href":"https:\/\/tropicalespresso.com\/tropicalespresso\/wp-json\/wp\/v2\/media\/4540"}],"wp:attachment":[{"href":"https:\/\/tropicalespresso.com\/tropicalespresso\/wp-json\/wp\/v2\/media?parent=4539"}],"wp:term":[{"taxonomy":"product_brand","embeddable":true,"href":"https:\/\/tropicalespresso.com\/tropicalespresso\/wp-json\/wp\/v2\/product_brand?post=4539"},{"taxonomy":"product_cat","embeddable":true,"href":"https:\/\/tropicalespresso.com\/tropicalespresso\/wp-json\/wp\/v2\/product_cat?post=4539"},{"taxonomy":"product_tag","embeddable":true,"href":"https:\/\/tropicalespresso.com\/tropicalespresso\/wp-json\/wp\/v2\/product_tag?post=4539"}],"curies":[{"name":"wp","href":"https:\/\/api.w.org\/{rel}","templated":true}]}}