{"id":4545,"date":"2025-11-20T19:01:51","date_gmt":"2025-11-20T19:01:51","guid":{"rendered":"https:\/\/tropicalespresso.com\/tropicalespresso\/?post_type=product&#038;p=4545"},"modified":"2025-11-20T19:01:51","modified_gmt":"2025-11-20T19:01:51","slug":"biscoitos-finos-lata-900g-pauperio","status":"publish","type":"product","link":"https:\/\/tropicalespresso.com\/tropicalespresso\/product\/biscoitos-finos-lata-900g-pauperio\/","title":{"rendered":"BISCOITOS FINOS lata 900g &#8211; PAUP\u00c9RIO"},"content":{"rendered":"<div id=\"tab-description\" class=\"woocommerce-Tabs-panel woocommerce-Tabs-panel--description panel entry-content wc-tab\" role=\"tabpanel\" aria-labelledby=\"tab-title-description\">\n<p>Sortido de biscoitos tradicionais. Sozinho, com amigos ou em fam\u00edlia, este \u00e9 o sortido ideal para acompanhar o seu \u201cch\u00e3 das cinco\u201d. Possui uma variedade de 12 biscoitos secos, com sabores e texturas distintas, capazes de satisfazer todos os gostos. Podem acompanhar com a nossa marmelada ou geleia artesanal.<\/p>\n<p>Peso L\u00edquido: 900g<br \/>\nValidade: 12 meses ap\u00f3s produ\u00e7\u00e3o<br \/>\nEAN: 5601141150170<br \/>\nDimens\u00e3o: D22x11,5 cm<\/p>\n<\/div>\n","protected":false},"excerpt":{"rendered":"<p>Sortido de biscoitos tradicionais. Sozinho, com amigos ou em fam\u00edlia, este \u00e9 o sortido ideal para acompanhar o seu \u201cch\u00e3 das cinco\u201d. Possui uma variedade de 12 biscoitos secos, com sabores e texturas distintas, capazes de satisfazer todos os gostos. [&hellip;]<\/p>\n","protected":false},"featured_media":4546,"comment_status":"open","ping_status":"closed","template":"","meta":[],"product_brand":[],"product_cat":[250],"product_tag":[236],"class_list":{"0":"post-4545","1":"product","2":"type-product","3":"status-publish","4":"has-post-thumbnail","6":"product_cat-biscoitos","7":"product_tag-pauperio","9":"first","10":"instock","11":"taxable","12":"shipping-taxable","13":"purchasable","14":"product-type-simple"},"jetpack_sharing_enabled":true,"_links":{"self":[{"href":"https:\/\/tropicalespresso.com\/tropicalespresso\/wp-json\/wp\/v2\/product\/4545","targetHints":{"allow":["GET"]}}],"collection":[{"href":"https:\/\/tropicalespresso.com\/tropicalespresso\/wp-json\/wp\/v2\/product"}],"about":[{"href":"https:\/\/tropicalespresso.com\/tropicalespresso\/wp-json\/wp\/v2\/types\/product"}],"replies":[{"embeddable":true,"href":"https:\/\/tropicalespresso.com\/tropicalespresso\/wp-json\/wp\/v2\/comments?post=4545"}],"wp:featuredmedia":[{"embeddable":true,"href":"https:\/\/tropicalespresso.com\/tropicalespresso\/wp-json\/wp\/v2\/media\/4546"}],"wp:attachment":[{"href":"https:\/\/tropicalespresso.com\/tropicalespresso\/wp-json\/wp\/v2\/media?parent=4545"}],"wp:term":[{"taxonomy":"product_brand","embeddable":true,"href":"https:\/\/tropicalespresso.com\/tropicalespresso\/wp-json\/wp\/v2\/product_brand?post=4545"},{"taxonomy":"product_cat","embeddable":true,"href":"https:\/\/tropicalespresso.com\/tropicalespresso\/wp-json\/wp\/v2\/product_cat?post=4545"},{"taxonomy":"product_tag","embeddable":true,"href":"https:\/\/tropicalespresso.com\/tropicalespresso\/wp-json\/wp\/v2\/product_tag?post=4545"}],"curies":[{"name":"wp","href":"https:\/\/api.w.org\/{rel}","templated":true}]}}