{"id":4547,"date":"2025-11-20T19:03:33","date_gmt":"2025-11-20T19:03:33","guid":{"rendered":"https:\/\/tropicalespresso.com\/tropicalespresso\/?post_type=product&#038;p=4547"},"modified":"2025-11-20T19:36:25","modified_gmt":"2025-11-20T19:36:25","slug":"sortido-selecao-lata-900g-pauperio","status":"publish","type":"product","link":"https:\/\/tropicalespresso.com\/tropicalespresso\/product\/sortido-selecao-lata-900g-pauperio\/","title":{"rendered":"SORTIDO SELE\u00c7\u00c3O lata 900g &#8211; PAUP\u00c9RIO"},"content":{"rendered":"<div id=\"tab-description\" class=\"woocommerce-Tabs-panel woocommerce-Tabs-panel--description panel entry-content wc-tab\" role=\"tabpanel\" aria-labelledby=\"tab-title-description\">\n<p>Uma selec\u00e7\u00e3o dos melhores sabores da Paup\u00e9rio embalados numa requintada lata de design vintage, recuperando as imagens das latas antigas do s\u00e9culo passado. A lata, que se encontra dividida em 4 partes, contem uma variedade de 16 biscoitos distintos. Fidalguinhos, biscoitos de milho, biscoitos de chocolate ou biscoitos secos, podem ser encontrados no seu interior.<\/p>\n<p>Peso L\u00edquido: 900g<br \/>\nValidade: 12 meses ap\u00f3s produ\u00e7\u00e3o<br \/>\nEAN: 5601141131001<br \/>\nDimens\u00e3o: D22x11,5 cm<\/p>\n<\/div>\n","protected":false},"excerpt":{"rendered":"<p>Uma selec\u00e7\u00e3o dos melhores sabores da Paup\u00e9rio embalados numa requintada lata de design vintage, recuperando as imagens das latas antigas do s\u00e9culo passado. A lata, que se encontra dividida em 4 partes, contem uma variedade de 16 biscoitos distintos. Fidalguinhos, [&hellip;]<\/p>\n","protected":false},"featured_media":4548,"comment_status":"open","ping_status":"closed","template":"","meta":[],"product_brand":[],"product_cat":[250],"product_tag":[236],"class_list":{"0":"post-4547","1":"product","2":"type-product","3":"status-publish","4":"has-post-thumbnail","6":"product_cat-biscoitos","7":"product_tag-pauperio","9":"first","10":"instock","11":"taxable","12":"shipping-taxable","13":"purchasable","14":"product-type-simple"},"jetpack_sharing_enabled":true,"_links":{"self":[{"href":"https:\/\/tropicalespresso.com\/tropicalespresso\/wp-json\/wp\/v2\/product\/4547","targetHints":{"allow":["GET"]}}],"collection":[{"href":"https:\/\/tropicalespresso.com\/tropicalespresso\/wp-json\/wp\/v2\/product"}],"about":[{"href":"https:\/\/tropicalespresso.com\/tropicalespresso\/wp-json\/wp\/v2\/types\/product"}],"replies":[{"embeddable":true,"href":"https:\/\/tropicalespresso.com\/tropicalespresso\/wp-json\/wp\/v2\/comments?post=4547"}],"wp:featuredmedia":[{"embeddable":true,"href":"https:\/\/tropicalespresso.com\/tropicalespresso\/wp-json\/wp\/v2\/media\/4548"}],"wp:attachment":[{"href":"https:\/\/tropicalespresso.com\/tropicalespresso\/wp-json\/wp\/v2\/media?parent=4547"}],"wp:term":[{"taxonomy":"product_brand","embeddable":true,"href":"https:\/\/tropicalespresso.com\/tropicalespresso\/wp-json\/wp\/v2\/product_brand?post=4547"},{"taxonomy":"product_cat","embeddable":true,"href":"https:\/\/tropicalespresso.com\/tropicalespresso\/wp-json\/wp\/v2\/product_cat?post=4547"},{"taxonomy":"product_tag","embeddable":true,"href":"https:\/\/tropicalespresso.com\/tropicalespresso\/wp-json\/wp\/v2\/product_tag?post=4547"}],"curies":[{"name":"wp","href":"https:\/\/api.w.org\/{rel}","templated":true}]}}