{"id":4578,"date":"2025-12-03T18:38:07","date_gmt":"2025-12-03T18:38:07","guid":{"rendered":"https:\/\/tropicalespresso.com\/tropicalespresso\/?post_type=product&#038;p=4578"},"modified":"2025-12-03T18:38:51","modified_gmt":"2025-12-03T18:38:51","slug":"cabaz-completo-light","status":"publish","type":"product","link":"https:\/\/tropicalespresso.com\/tropicalespresso\/product\/cabaz-completo-light\/","title":{"rendered":"CABAZ COMPLETO LIGHT"},"content":{"rendered":"<p>Este cabaz cont\u00e9m:<\/p>\n<ul>\n<li>Biscoitos Fidalguinhos<\/li>\n<li>500g de mel<\/li>\n<li>Mix de frutos secos (100g de noz; 100g de avel\u00e3; 100g de am\u00eandoa) *todos os frutos com casca<\/li>\n<li>T\u00e1bua de queijos grande com utens\u00edlios<\/li>\n<li>Queijo Light<\/li>\n<li>Colher de mel<\/li>\n<li>Caixa de embrulho com enfeites de Natal<\/li>\n<\/ul>\n","protected":false},"excerpt":{"rendered":"<p>Este cabaz cont\u00e9m: Biscoitos Fidalguinhos 500g de mel Mix de frutos secos (100g de noz; 100g de avel\u00e3; 100g de am\u00eandoa) *todos os frutos com casca T\u00e1bua de queijos grande com utens\u00edlios Queijo Light Colher de mel Caixa de embrulho [&hellip;]<\/p>\n","protected":false},"featured_media":4579,"comment_status":"open","ping_status":"closed","template":"","meta":[],"product_brand":[],"product_cat":[252],"product_tag":[],"class_list":{"0":"post-4578","1":"product","2":"type-product","3":"status-publish","4":"has-post-thumbnail","6":"product_cat-cabazes","8":"first","9":"instock","10":"taxable","11":"shipping-taxable","12":"purchasable","13":"product-type-simple"},"jetpack_sharing_enabled":true,"_links":{"self":[{"href":"https:\/\/tropicalespresso.com\/tropicalespresso\/wp-json\/wp\/v2\/product\/4578","targetHints":{"allow":["GET"]}}],"collection":[{"href":"https:\/\/tropicalespresso.com\/tropicalespresso\/wp-json\/wp\/v2\/product"}],"about":[{"href":"https:\/\/tropicalespresso.com\/tropicalespresso\/wp-json\/wp\/v2\/types\/product"}],"replies":[{"embeddable":true,"href":"https:\/\/tropicalespresso.com\/tropicalespresso\/wp-json\/wp\/v2\/comments?post=4578"}],"wp:featuredmedia":[{"embeddable":true,"href":"https:\/\/tropicalespresso.com\/tropicalespresso\/wp-json\/wp\/v2\/media\/4579"}],"wp:attachment":[{"href":"https:\/\/tropicalespresso.com\/tropicalespresso\/wp-json\/wp\/v2\/media?parent=4578"}],"wp:term":[{"taxonomy":"product_brand","embeddable":true,"href":"https:\/\/tropicalespresso.com\/tropicalespresso\/wp-json\/wp\/v2\/product_brand?post=4578"},{"taxonomy":"product_cat","embeddable":true,"href":"https:\/\/tropicalespresso.com\/tropicalespresso\/wp-json\/wp\/v2\/product_cat?post=4578"},{"taxonomy":"product_tag","embeddable":true,"href":"https:\/\/tropicalespresso.com\/tropicalespresso\/wp-json\/wp\/v2\/product_tag?post=4578"}],"curies":[{"name":"wp","href":"https:\/\/api.w.org\/{rel}","templated":true}]}}