{"id":4582,"date":"2025-12-04T17:57:06","date_gmt":"2025-12-04T17:57:06","guid":{"rendered":"https:\/\/tropicalespresso.com\/tropicalespresso\/?post_type=product&#038;p=4582"},"modified":"2025-12-04T17:57:06","modified_gmt":"2025-12-04T17:57:06","slug":"cabaz-rural","status":"publish","type":"product","link":"https:\/\/tropicalespresso.com\/tropicalespresso\/product\/cabaz-rural\/","title":{"rendered":"CABAZ RURAL"},"content":{"rendered":"<p>Este cabaz cont\u00e9m:<\/p>\n<ul>\n<li>T\u00e1bua pequena<\/li>\n<li>Mix de Frutos Secos com casca (100g de noz; 100g de avel\u00e3; 100g de am\u00eandoa)<\/li>\n<li>Mel 250g<\/li>\n<li>Pol\u00e9n 0.13g<\/li>\n<li>Mini Queijo 190g<\/li>\n<li>Caixa de embrulho com enfeites de Natal<\/li>\n<\/ul>\n","protected":false},"excerpt":{"rendered":"<p>Este cabaz cont\u00e9m: T\u00e1bua pequena Mix de Frutos Secos com casca (100g de noz; 100g de avel\u00e3; 100g de am\u00eandoa) Mel 250g Pol\u00e9n 0.13g Mini Queijo 190g Caixa de embrulho com enfeites de Natal<\/p>\n","protected":false},"featured_media":4583,"comment_status":"open","ping_status":"closed","template":"","meta":[],"product_brand":[],"product_cat":[252],"product_tag":[],"class_list":{"0":"post-4582","1":"product","2":"type-product","3":"status-publish","4":"has-post-thumbnail","6":"product_cat-cabazes","8":"first","9":"instock","10":"taxable","11":"shipping-taxable","12":"purchasable","13":"product-type-simple"},"jetpack_sharing_enabled":true,"_links":{"self":[{"href":"https:\/\/tropicalespresso.com\/tropicalespresso\/wp-json\/wp\/v2\/product\/4582","targetHints":{"allow":["GET"]}}],"collection":[{"href":"https:\/\/tropicalespresso.com\/tropicalespresso\/wp-json\/wp\/v2\/product"}],"about":[{"href":"https:\/\/tropicalespresso.com\/tropicalespresso\/wp-json\/wp\/v2\/types\/product"}],"replies":[{"embeddable":true,"href":"https:\/\/tropicalespresso.com\/tropicalespresso\/wp-json\/wp\/v2\/comments?post=4582"}],"wp:featuredmedia":[{"embeddable":true,"href":"https:\/\/tropicalespresso.com\/tropicalespresso\/wp-json\/wp\/v2\/media\/4583"}],"wp:attachment":[{"href":"https:\/\/tropicalespresso.com\/tropicalespresso\/wp-json\/wp\/v2\/media?parent=4582"}],"wp:term":[{"taxonomy":"product_brand","embeddable":true,"href":"https:\/\/tropicalespresso.com\/tropicalespresso\/wp-json\/wp\/v2\/product_brand?post=4582"},{"taxonomy":"product_cat","embeddable":true,"href":"https:\/\/tropicalespresso.com\/tropicalespresso\/wp-json\/wp\/v2\/product_cat?post=4582"},{"taxonomy":"product_tag","embeddable":true,"href":"https:\/\/tropicalespresso.com\/tropicalespresso\/wp-json\/wp\/v2\/product_tag?post=4582"}],"curies":[{"name":"wp","href":"https:\/\/api.w.org\/{rel}","templated":true}]}}