{"id":4584,"date":"2025-12-04T18:00:50","date_gmt":"2025-12-04T18:00:50","guid":{"rendered":"https:\/\/tropicalespresso.com\/tropicalespresso\/?post_type=product&#038;p=4584"},"modified":"2025-12-04T18:00:50","modified_gmt":"2025-12-04T18:00:50","slug":"cabaz-natural","status":"publish","type":"product","link":"https:\/\/tropicalespresso.com\/tropicalespresso\/product\/cabaz-natural\/","title":{"rendered":"CABAZ NATURAL"},"content":{"rendered":"<p>Este cabaz cont\u00e9m:<\/p>\n<ul>\n<li>T\u00e1bua pequena<\/li>\n<li>Mix de Frutos Secos com casca (100g de noz; 100g de avel\u00e3; 100g de am\u00eandoa)<\/li>\n<li>Marmelada 200g<\/li>\n<li>Pr\u00f3polis 0.07g<\/li>\n<li>Mini compota 45g<\/li>\n<li>Mini Queijo 190g<\/li>\n<li>Caixa de embrulho com enfeites de Natal<\/li>\n<\/ul>\n","protected":false},"excerpt":{"rendered":"<p>Este cabaz cont\u00e9m: T\u00e1bua pequena Mix de Frutos Secos com casca (100g de noz; 100g de avel\u00e3; 100g de am\u00eandoa) Marmelada 200g Pr\u00f3polis 0.07g Mini compota 45g Mini Queijo 190g Caixa de embrulho com enfeites de Natal<\/p>\n","protected":false},"featured_media":4585,"comment_status":"open","ping_status":"closed","template":"","meta":[],"product_brand":[],"product_cat":[252],"product_tag":[],"class_list":{"0":"post-4584","1":"product","2":"type-product","3":"status-publish","4":"has-post-thumbnail","6":"product_cat-cabazes","8":"first","9":"instock","10":"taxable","11":"shipping-taxable","12":"purchasable","13":"product-type-simple"},"jetpack_sharing_enabled":true,"_links":{"self":[{"href":"https:\/\/tropicalespresso.com\/tropicalespresso\/wp-json\/wp\/v2\/product\/4584","targetHints":{"allow":["GET"]}}],"collection":[{"href":"https:\/\/tropicalespresso.com\/tropicalespresso\/wp-json\/wp\/v2\/product"}],"about":[{"href":"https:\/\/tropicalespresso.com\/tropicalespresso\/wp-json\/wp\/v2\/types\/product"}],"replies":[{"embeddable":true,"href":"https:\/\/tropicalespresso.com\/tropicalespresso\/wp-json\/wp\/v2\/comments?post=4584"}],"wp:featuredmedia":[{"embeddable":true,"href":"https:\/\/tropicalespresso.com\/tropicalespresso\/wp-json\/wp\/v2\/media\/4585"}],"wp:attachment":[{"href":"https:\/\/tropicalespresso.com\/tropicalespresso\/wp-json\/wp\/v2\/media?parent=4584"}],"wp:term":[{"taxonomy":"product_brand","embeddable":true,"href":"https:\/\/tropicalespresso.com\/tropicalespresso\/wp-json\/wp\/v2\/product_brand?post=4584"},{"taxonomy":"product_cat","embeddable":true,"href":"https:\/\/tropicalespresso.com\/tropicalespresso\/wp-json\/wp\/v2\/product_cat?post=4584"},{"taxonomy":"product_tag","embeddable":true,"href":"https:\/\/tropicalespresso.com\/tropicalespresso\/wp-json\/wp\/v2\/product_tag?post=4584"}],"curies":[{"name":"wp","href":"https:\/\/api.w.org\/{rel}","templated":true}]}}