{"id":4586,"date":"2025-12-04T18:05:14","date_gmt":"2025-12-04T18:05:14","guid":{"rendered":"https:\/\/tropicalespresso.com\/tropicalespresso\/?post_type=product&#038;p=4586"},"modified":"2025-12-04T18:05:14","modified_gmt":"2025-12-04T18:05:14","slug":"cabaz-porto-poesia","status":"publish","type":"product","link":"https:\/\/tropicalespresso.com\/tropicalespresso\/product\/cabaz-porto-poesia\/","title":{"rendered":"CABAZ PORTO &#038; POESIA"},"content":{"rendered":"<p>Este cabaz cont\u00e9m:<\/p>\n<ul>\n<li>Vinho do Porto<\/li>\n<li>Chocolate Fernando Pessoa (cita\u00e7\u00e3o aleat\u00f3ria)<\/li>\n<li>Sortido Sele\u00e7\u00e3o 250g<\/li>\n<li>Figura de Cera de Abelha<\/li>\n<li>Caixa de embrulho com enfeites de Natal<\/li>\n<\/ul>\n","protected":false},"excerpt":{"rendered":"<p>Este cabaz cont\u00e9m: Vinho do Porto Chocolate Fernando Pessoa (cita\u00e7\u00e3o aleat\u00f3ria) Sortido Sele\u00e7\u00e3o 250g Figura de Cera de Abelha Caixa de embrulho com enfeites de Natal<\/p>\n","protected":false},"featured_media":4587,"comment_status":"open","ping_status":"closed","template":"","meta":[],"product_brand":[],"product_cat":[252],"product_tag":[],"class_list":{"0":"post-4586","1":"product","2":"type-product","3":"status-publish","4":"has-post-thumbnail","6":"product_cat-cabazes","8":"first","9":"instock","10":"taxable","11":"shipping-taxable","12":"purchasable","13":"product-type-simple"},"jetpack_sharing_enabled":true,"_links":{"self":[{"href":"https:\/\/tropicalespresso.com\/tropicalespresso\/wp-json\/wp\/v2\/product\/4586","targetHints":{"allow":["GET"]}}],"collection":[{"href":"https:\/\/tropicalespresso.com\/tropicalespresso\/wp-json\/wp\/v2\/product"}],"about":[{"href":"https:\/\/tropicalespresso.com\/tropicalespresso\/wp-json\/wp\/v2\/types\/product"}],"replies":[{"embeddable":true,"href":"https:\/\/tropicalespresso.com\/tropicalespresso\/wp-json\/wp\/v2\/comments?post=4586"}],"wp:featuredmedia":[{"embeddable":true,"href":"https:\/\/tropicalespresso.com\/tropicalespresso\/wp-json\/wp\/v2\/media\/4587"}],"wp:attachment":[{"href":"https:\/\/tropicalespresso.com\/tropicalespresso\/wp-json\/wp\/v2\/media?parent=4586"}],"wp:term":[{"taxonomy":"product_brand","embeddable":true,"href":"https:\/\/tropicalespresso.com\/tropicalespresso\/wp-json\/wp\/v2\/product_brand?post=4586"},{"taxonomy":"product_cat","embeddable":true,"href":"https:\/\/tropicalespresso.com\/tropicalespresso\/wp-json\/wp\/v2\/product_cat?post=4586"},{"taxonomy":"product_tag","embeddable":true,"href":"https:\/\/tropicalespresso.com\/tropicalespresso\/wp-json\/wp\/v2\/product_tag?post=4586"}],"curies":[{"name":"wp","href":"https:\/\/api.w.org\/{rel}","templated":true}]}}